{"id":8741,"date":"2017-11-11T19:44:52","date_gmt":"2017-11-11T17:44:52","guid":{"rendered":"https:\/\/www.vohandumaraton.ee\/sponsor"},"modified":"2019-03-06T12:33:43","modified_gmt":"2019-03-06T10:33:43","slug":"sponsor","status":"publish","type":"page","link":"https:\/\/www.vohandumaraton.ee\/en\/sponsor\/","title":{"rendered":"SPONSORS"},"content":{"rendered":"<div id=\"pl-8741\"  class=\"panel-layout\" ><div id=\"pg-8741-0\"  class=\"panel-grid panel-no-style\" ><div id=\"pgc-8741-0-0\"  class=\"panel-grid-cell\" ><div id=\"panel-8741-0-0-0\" class=\"so-panel widget widget_sow-editor panel-first-child panel-last-child\" data-index=\"0\" ><div\n\t\t\t\n\t\t\tclass=\"so-widget-sow-editor so-widget-sow-editor-base\"\n\t\t\t\n\t\t><h3 class=\"widget-title\"><span class=\"widget-title__inline\">Hakka toetajaks!<\/span><\/h3>\n<div class=\"siteorigin-widget-tinymce textwidget\">\n\t<h4>V\u00f5handu maraton t\u00e4nab oma toetajaid!<\/h4>\n<p>\nOlge hoitud ja mingu Teil alati k\u00f5ige paremini!<\/p>\n<p>Ja k\u00f5igile teistele kes veel kaaluvad oma panuse andmist maratoni korraldusse...<\/p>\n<ul>\n<li style=\"text-align: justify\">Kui Sinu hinges p\u00f5leb SEIKLUS ning tahad olla toetaja ning suurim kasusaaja, v\u00f5ta meiega \u00fchendust ning leiame lahenduse kuidas olla kasulikud m\u00f5lemale osapoolele.<\/li>\n<\/ul>\n<p><span class=\"icon-container\"><span class=\"fa  fa-envelope\" style=\"color:#2e3b4e;\"><\/span><\/span>&nbsp; &nbsp;vohandumaraton@gmail.com<br \/>\n<span class=\"icon-container\"><span class=\"fa  fa-phone\" style=\"color:#2e3b4e;\"><\/span><\/span> &nbsp;&nbsp;+372 52 10 800<\/p>\n<\/div>\n<\/div><\/div><\/div><\/div><div id=\"pg-8741-1\"  class=\"panel-grid panel-no-style\" ><div id=\"pgc-8741-1-0\"  class=\"panel-grid-cell\" ><div id=\"panel-8741-1-0-0\" class=\"so-panel widget widget_sow-editor panel-first-child panel-last-child\" data-index=\"1\" ><div\n\t\t\t\n\t\t\tclass=\"so-widget-sow-editor so-widget-sow-editor-base\"\n\t\t\t\n\t\t>\n<div class=\"siteorigin-widget-tinymce textwidget\">\n\t<hr \/>\n<\/div>\n<\/div><\/div><\/div><\/div><div id=\"pg-8741-2\"  class=\"panel-grid panel-no-style\" ><div id=\"pgc-8741-2-0\"  class=\"panel-grid-cell\" ><div id=\"panel-8741-2-0-0\" class=\"so-panel widget widget_pw_accordion widget-accordion panel-first-child panel-last-child\" data-index=\"2\" >\t<div class=\"accordion\" id=\"accordion-widget-2-0-0\" role=\"tablist\" aria-multiselectable=\"true\">\n\t\t\t<div class=\"accordion__panel  panel card\">\n\t\t\t<div class=\"accordion__heading  panel-heading\" role=\"tab\" id=\"heading-widget-2-0-0-1\">\n\t\t\t\t<div class=\"panel-title\">\n\t\t\t\t\t<a class=\"collapsed\" role=\"button\" data-toggle=\"collapse\" data-parent=\"#accordion-widget-2-0-0\" href=\"#collapse-widget-2-0-0-1\" aria-expanded=\"false\" aria-controls=\"collapse-widget-2-0-0-1\">\n\t\t\t\t\t\tKULDSPONSOR\t\t\t\t\t<\/a>\n\t\t\t\t<\/div>\n\t\t\t<\/div>\n\t\t\t<div id=\"collapse-widget-2-0-0-1\" class=\"accordion__content  panel-collapse  collapse\" role=\"tabpanel\" aria-labelledby=\"heading-widget-2-0-0-1\">\n\t\t\t\t<div class=\"panel-body\">\n\t\t\t\t\t<b>Toetus alates 7 000 \u20ac (rahaline v\u00f5i muu materiaalne toetus) <\/b><br>\n<li>Fini\u0161i fotosein on 38 % ulatuses kujundatud arvestades kuldsponsorite s\u00fcmboolikat. \n<li>10 osalejat tasuta V\u00f5handu maratonile.\n<li>Kuldsponsori paketti kuulub automaatselt 100 numbrikujundust.\n<li>Veel palju punkte kus saame olla kasulikud 11-le.\n\t\t\t\t<\/div>\n\t\t\t<\/div>\n\t\t<\/div>\n\t\t\t<\/div>\n\n<\/div><\/div><\/div><div id=\"pg-8741-3\"  class=\"panel-grid panel-no-style\" ><div id=\"pgc-8741-3-0\"  class=\"panel-grid-cell\" ><div id=\"panel-8741-3-0-0\" class=\"widget_text so-panel widget widget_custom_html panel-first-child panel-last-child\" data-index=\"3\" ><div class=\"textwidget custom-html-widget\"><center><div  class=\"lgx_logo_slider_app_wrapper lgx-logo-slider-wp\"><div class=\"lgx-logo-wrapper  nav-position-b-center hover-default\"  ><div class=\"owl-carousel lgx-logo-carousel\"  data-autoplaytimeout=\"1500\"  data-autoplayspeed=\"200\"  data-margin=\"15\"  data-loop=\"true\"  data-autoplay=\"true\"  data-autoplayhoverpause=\"true\"  data-dots=\"false\"  data-itemlarge=\"5\"  data-itemdesk=\"4\"  data-itemtablet=\"3\"  data-itemmobile=\"2\"  data-navlarge=\"false\"  data-navdesk=\"false\"  data-navtablet=\"false\"  data-navmobile=\"false\"  ><div class=\"item lgx-log-item\" ><div class=\"lgx-logo-item\" ><a href=\"http:\/\/eestipagar.ee\/\" target=\"_blank\"><img decoding=\"async\" class=\"lgx-logo-img skip-lazy\" src=\"https:\/\/www.vohandumaraton.ee\/wp-content\/uploads\/2018\/01\/eestipagar.600x300px.jpg\" style=\"max-width: 600px;max-height: 300px;\"   alt=\"\" title=\"Eesti Pagar\" \/><\/a><\/div><\/div><\/div><\/div><\/div><\/center><\/div><\/div><\/div><\/div><div id=\"pg-8741-4\"  class=\"panel-grid panel-no-style\" ><div id=\"pgc-8741-4-0\"  class=\"panel-grid-cell\" ><div id=\"panel-8741-4-0-0\" class=\"so-panel widget widget_pw_accordion widget-accordion panel-first-child panel-last-child\" data-index=\"4\" >\t<div class=\"accordion\" id=\"accordion-widget-4-0-0\" role=\"tablist\" aria-multiselectable=\"true\">\n\t\t\t<div class=\"accordion__panel  panel card\">\n\t\t\t<div class=\"accordion__heading  panel-heading\" role=\"tab\" id=\"heading-widget-4-0-0-2\">\n\t\t\t\t<div class=\"panel-title\">\n\t\t\t\t\t<a class=\"collapsed\" role=\"button\" data-toggle=\"collapse\" data-parent=\"#accordion-widget-4-0-0\" href=\"#collapse-widget-4-0-0-2\" aria-expanded=\"false\" aria-controls=\"collapse-widget-4-0-0-2\">\n\t\t\t\t\t\tH\u00d5BESPONSOR\t\t\t\t\t<\/a>\n\t\t\t\t<\/div>\n\t\t\t<\/div>\n\t\t\t<div id=\"collapse-widget-4-0-0-2\" class=\"accordion__content  panel-collapse  collapse\" role=\"tabpanel\" aria-labelledby=\"heading-widget-4-0-0-2\">\n\t\t\t\t<div class=\"panel-body\">\n\t\t\t\t\t<b>Toetus alates 2 000 \u20ac (rahaline v\u00f5i muu materiaalne toetus) <\/b><br>\n<li>5 osalejat tasuta V\u00f5handu maratonile\n<li>10 numbrikujundust toetaja s\u00fcmboolikaga tasuta.\n<li>Veel palju punkte kus saame olla kasulikud 11-le.\t\t\t\t<\/div>\n\t\t\t<\/div>\n\t\t<\/div>\n\t\t\t<\/div>\n\n<\/div><\/div><\/div><div id=\"pg-8741-5\"  class=\"panel-grid panel-no-style\" ><div id=\"pgc-8741-5-0\"  class=\"panel-grid-cell\" ><div id=\"panel-8741-5-0-0\" class=\"widget_text so-panel widget widget_custom_html panel-first-child panel-last-child\" data-index=\"5\" ><div class=\"textwidget custom-html-widget\"><center><div  class=\"lgx_logo_slider_app_wrapper lgx-logo-slider-wp\"><div class=\"lgx-logo-wrapper  nav-position-b-center hover-default\"  ><div class=\"owl-carousel lgx-logo-carousel\"  data-autoplaytimeout=\"1500\"  data-autoplayspeed=\"200\"  data-margin=\"15\"  data-loop=\"true\"  data-autoplay=\"true\"  data-autoplayhoverpause=\"true\"  data-dots=\"false\"  data-itemlarge=\"5\"  data-itemdesk=\"4\"  data-itemtablet=\"3\"  data-itemmobile=\"2\"  data-navlarge=\"false\"  data-navdesk=\"false\"  data-navtablet=\"false\"  data-navmobile=\"false\"  ><div class=\"item lgx-log-item\" ><div class=\"lgx-logo-item\" ><a href=\"http:\/\/www.matkasport.ee\/\" target=\"_blank\"><img decoding=\"async\" class=\"lgx-logo-img skip-lazy\" src=\"https:\/\/www.vohandumaraton.ee\/wp-content\/uploads\/2018\/01\/matkasport.600x300px.jpg\" style=\"max-width: 600px;max-height: 300px;\"   alt=\"\" title=\"Matkasport\" \/><\/a><\/div><\/div><div class=\"item lgx-log-item\" ><div class=\"lgx-logo-item\" ><a href=\"https:\/\/www.worldkayaks.com\" target=\"_blank\"><img decoding=\"async\" class=\"lgx-logo-img skip-lazy\" src=\"https:\/\/www.vohandumaraton.ee\/wp-content\/uploads\/2018\/07\/wk600x300px.jpg\" style=\"max-width: 600px;max-height: 300px;\"   alt=\"\" title=\"World of kayaks\" \/><\/a><\/div><\/div><div class=\"item lgx-log-item\" ><div class=\"lgx-logo-item\" ><img decoding=\"async\" class=\"lgx-logo-img skip-lazy\" src=\"https:\/\/www.vohandumaraton.ee\/wp-content\/uploads\/2019\/03\/subaru600x300px.jpg\" style=\"max-width: 600px;max-height: 300px;\"   alt=\"Subaru V\u00f5handu maratonil 4 korda rohkem vedamist\" title=\"Company\" \/><\/div><\/div><div class=\"item lgx-log-item\" ><div class=\"lgx-logo-item\" ><a href=\"https:\/\/www.coop.ee\/voru\" target=\"_blank\"><img decoding=\"async\" class=\"lgx-logo-img skip-lazy\" src=\"https:\/\/www.vohandumaraton.ee\/wp-content\/uploads\/2019\/04\/coop600x300px.jpg\" style=\"max-width: 600px;max-height: 300px;\"   alt=\"Coop V\u00f5ru toetab V\u00f5handu maratoni\" title=\"Coop\" \/><\/a><\/div><\/div><\/div><\/div><\/div><\/center><\/div><\/div><\/div><\/div><div id=\"pg-8741-6\"  class=\"panel-grid panel-no-style\" ><div id=\"pgc-8741-6-0\"  class=\"panel-grid-cell\" ><div id=\"panel-8741-6-0-0\" class=\"so-panel widget widget_pw_accordion widget-accordion panel-first-child panel-last-child\" data-index=\"6\" >\t<div class=\"accordion\" id=\"accordion-widget-6-0-0\" role=\"tablist\" aria-multiselectable=\"true\">\n\t\t\t<div class=\"accordion__panel  panel card\">\n\t\t\t<div class=\"accordion__heading  panel-heading\" role=\"tab\" id=\"heading-widget-6-0-0-3\">\n\t\t\t\t<div class=\"panel-title\">\n\t\t\t\t\t<a class=\"collapsed\" role=\"button\" data-toggle=\"collapse\" data-parent=\"#accordion-widget-6-0-0\" href=\"#collapse-widget-6-0-0-3\" aria-expanded=\"false\" aria-controls=\"collapse-widget-6-0-0-3\">\n\t\t\t\t\t\tK\u00d5IK MEIE HEAD TOETAJAD\t\t\t\t\t<\/a>\n\t\t\t\t<\/div>\n\t\t\t<\/div>\n\t\t\t<div id=\"collapse-widget-6-0-0-3\" class=\"accordion__content  panel-collapse  collapse\" role=\"tabpanel\" aria-labelledby=\"heading-widget-6-0-0-3\">\n\t\t\t\t<div class=\"panel-body\">\n\t\t\t\t\t<h4>V\u00f5handu maraton t\u00e4nab oma toetajaid!<\/h4><br>\nOlge hoitud ja mingu Teil alati k\u00f5ige paremini!<br><br>\nJa k\u00f5igile teistele kes veel kaaluvad oma panuse andmist maratoni korraldusse...<br>\n<ul>\n \t<li style=\"text-align: justify\">Kui Sinu hinges p\u00f5leb SEIKLUS ning tahad olla toetaja ning suurim kasusaaja, v\u00f5ta meiega \u00fchendust ning leiame lahenduse kuidas olla kasulikud m\u00f5lemale osapoolele.<\/li>\n<\/ul>\n<span class=\"icon-container\"><span class=\"fa  fa-envelope\" style=\"color:#2e3b4e;\"><\/span><\/span>&nbsp; &nbsp;vohandumaraton@gmail.com<br>\n\n<span class=\"icon-container\"><span class=\"fa  fa-phone\" style=\"color:#2e3b4e;\"><\/span><\/span> &nbsp;&nbsp;+372 52 10 800\t\t\t\t<\/div>\n\t\t\t<\/div>\n\t\t<\/div>\n\t\t\t<\/div>\n\n<\/div><\/div><\/div><div id=\"pg-8741-7\"  class=\"panel-grid panel-has-style\" ><div class=\"siteorigin-panels-stretch panel-row-style panel-row-style-for-8741-7\" data-stretch-type=\"full-width-stretch\" ><div id=\"pgc-8741-7-0\"  class=\"panel-grid-cell\" ><div id=\"panel-8741-7-0-0\" class=\"widget_text so-panel widget widget_custom_html panel-first-child panel-last-child\" data-index=\"7\" ><div class=\"textwidget custom-html-widget\"><div  class=\"lgx_logo_slider_app_wrapper lgx-logo-slider-wp\"><div class=\"lgx-logo-wrapper  nav-position-b-center hover-default\"  ><div class=\"owl-carousel lgx-logo-carousel\"  data-autoplaytimeout=\"1500\"  data-autoplayspeed=\"200\"  data-margin=\"15\"  data-loop=\"true\"  data-autoplay=\"true\"  data-autoplayhoverpause=\"true\"  data-dots=\"false\"  data-itemlarge=\"5\"  data-itemdesk=\"4\"  data-itemtablet=\"3\"  data-itemmobile=\"2\"  data-navlarge=\"false\"  data-navdesk=\"false\"  data-navtablet=\"false\"  data-navmobile=\"false\"  ><div class=\"item lgx-log-item\" ><div class=\"lgx-logo-item\" ><a href=\"http:\/\/www.aerutaja.ee\/\" target=\"_blank\"><img decoding=\"async\" class=\"lgx-logo-img skip-lazy\" src=\"https:\/\/www.vohandumaraton.ee\/wp-content\/uploads\/2017\/12\/eaf.600x300px.jpg\" style=\"max-width: 600px;max-height: 300px;\"   alt=\"\" title=\"Eesti Aerutamisf\u00f6deratsioon\" \/><\/a><\/div><\/div><div class=\"item lgx-log-item\" ><div class=\"lgx-logo-item\" ><a href=\"http:\/\/www.ekstreempark.ee\/\" target=\"_blank\"><img decoding=\"async\" class=\"lgx-logo-img skip-lazy\" src=\"https:\/\/www.vohandumaraton.ee\/wp-content\/uploads\/2018\/01\/ekp_logo.png\" style=\"max-width: 600px;max-height: 300px;\"   alt=\"\" title=\"Ekstreempark\" \/><\/a><\/div><\/div><div class=\"item lgx-log-item\" ><div class=\"lgx-logo-item\" ><a href=\"http:\/\/eestipagar.ee\/\" target=\"_blank\"><img decoding=\"async\" class=\"lgx-logo-img skip-lazy\" src=\"https:\/\/www.vohandumaraton.ee\/wp-content\/uploads\/2018\/01\/eestipagar.600x300px.jpg\" style=\"max-width: 600px;max-height: 300px;\"   alt=\"\" title=\"Eesti Pagar\" \/><\/a><\/div><\/div><div class=\"item lgx-log-item\" ><div class=\"lgx-logo-item\" ><a href=\"http:\/\/www.matkasport.ee\/\" target=\"_blank\"><img decoding=\"async\" class=\"lgx-logo-img skip-lazy\" src=\"https:\/\/www.vohandumaraton.ee\/wp-content\/uploads\/2018\/01\/matkasport.600x300px.jpg\" style=\"max-width: 600px;max-height: 300px;\"   alt=\"\" title=\"Matkasport\" \/><\/a><\/div><\/div><div class=\"item lgx-log-item\" ><div class=\"lgx-logo-item\" ><a href=\"https:\/\/www.keik.ee\/\" target=\"_blank\"><img decoding=\"async\" class=\"lgx-logo-img skip-lazy\" src=\"https:\/\/www.vohandumaraton.ee\/wp-content\/uploads\/2018\/04\/keik600x300px.jpg\" style=\"max-width: 600px;max-height: 300px;\"   alt=\"\" title=\"KEIK\" \/><\/a><\/div><\/div><div class=\"item lgx-log-item\" ><div class=\"lgx-logo-item\" ><a href=\"https:\/\/www.worldkayaks.com\" target=\"_blank\"><img decoding=\"async\" class=\"lgx-logo-img skip-lazy\" src=\"https:\/\/www.vohandumaraton.ee\/wp-content\/uploads\/2018\/07\/wk600x300px.jpg\" style=\"max-width: 600px;max-height: 300px;\"   alt=\"\" title=\"World of kayaks\" \/><\/a><\/div><\/div><div class=\"item lgx-log-item\" ><div class=\"lgx-logo-item\" ><a href=\"https:\/\/eastpole.ee\/\" target=\"_blank\"><img decoding=\"async\" class=\"lgx-logo-img skip-lazy\" src=\"https:\/\/www.vohandumaraton.ee\/wp-content\/uploads\/2018\/07\/eastpole600x300px.jpg\" style=\"max-width: 600px;max-height: 300px;\"   alt=\"\" title=\"Eastpole\" \/><\/a><\/div><\/div><div class=\"item lgx-log-item\" ><div class=\"lgx-logo-item\" ><a href=\"http:\/\/ee.erply.com\/\" target=\"_blank\"><img decoding=\"async\" class=\"lgx-logo-img skip-lazy\" src=\"https:\/\/www.vohandumaraton.ee\/wp-content\/uploads\/2018\/12\/Erply600x300px.jpg\" style=\"max-width: 600px;max-height: 300px;\"   alt=\"Erply on V\u00f5handu maratoni\" title=\"Erply\" \/><\/a><\/div><\/div><div class=\"item lgx-log-item\" ><div class=\"lgx-logo-item\" ><img decoding=\"async\" class=\"lgx-logo-img skip-lazy\" src=\"https:\/\/www.vohandumaraton.ee\/wp-content\/uploads\/2019\/03\/subaru600x300px.jpg\" style=\"max-width: 600px;max-height: 300px;\"   alt=\"Subaru V\u00f5handu maratonil 4 korda rohkem vedamist\" title=\"Company\" \/><\/div><\/div><div class=\"item lgx-log-item\" ><div class=\"lgx-logo-item\" ><a href=\"https:\/\/enervit.ee\/vohandumaraton-energia\/\" target=\"_blank\"><img decoding=\"async\" class=\"lgx-logo-img skip-lazy\" src=\"https:\/\/www.vohandumaraton.ee\/wp-content\/uploads\/2025\/03\/Logo-Enervit_senza-payoff-e1743347052948.png\" style=\"max-width: 600px;max-height: 300px;\"   alt=\"\" title=\"Enervit\" \/><\/a><\/div><\/div><div class=\"item lgx-log-item\" ><div class=\"lgx-logo-item\" ><a href=\"http:\/\/www.kaitseliit.ee\/\" target=\"_blank\"><img decoding=\"async\" class=\"lgx-logo-img skip-lazy\" src=\"https:\/\/www.vohandumaraton.ee\/wp-content\/uploads\/2019\/04\/kotkas600x300px.jpg\" style=\"max-width: 600px;max-height: 300px;\"   alt=\"Kaitseliit toetab V\u00f5handu maratoni\" title=\"Kaitseliit\" \/><\/a><\/div><\/div><div class=\"item lgx-log-item\" ><div class=\"lgx-logo-item\" ><a href=\"https:\/\/www.coop.ee\/voru\" target=\"_blank\"><img decoding=\"async\" class=\"lgx-logo-img skip-lazy\" src=\"https:\/\/www.vohandumaraton.ee\/wp-content\/uploads\/2019\/04\/coop600x300px.jpg\" style=\"max-width: 600px;max-height: 300px;\"   alt=\"Coop V\u00f5ru toetab V\u00f5handu maratoni\" title=\"Coop\" \/><\/a><\/div><\/div><\/div><\/div><\/div><\/div><\/div><\/div><\/div><\/div><\/div>","protected":false},"excerpt":{"rendered":"<p>V\u00f5handu maraton t\u00e4nab oma toetajaid! Olge hoitud ja mingu Teil alati k\u00f5ige paremini! Ja k\u00f5igile teistele kes veel kaaluvad oma panuse andmist maratoni korraldusse&#8230; Kui Sinu hinges p\u00f5leb SEIKLUS ning &hellip;<\/p>\n","protected":false},"author":1,"featured_media":0,"parent":0,"menu_order":0,"comment_status":"closed","ping_status":"closed","template":"","meta":{"_acf_changed":false,"ngg_post_thumbnail":0,"footnotes":""},"class_list":["post-8741","page","type-page","status-publish","clearfix","article"],"acf":[],"yoast_head":"<!-- This site is optimized with the Yoast SEO plugin v27.3 - https:\/\/yoast.com\/product\/yoast-seo-wordpress\/ -->\n<title>SPONSORS - V&otilde;handu Maraton<\/title>\n<meta name=\"robots\" content=\"index, follow, max-snippet:-1, max-image-preview:large, max-video-preview:-1\" \/>\n<link rel=\"canonical\" href=\"https:\/\/www.vohandumaraton.ee\/en\/sponsor\/\" \/>\n<meta property=\"og:locale\" content=\"en_US\" \/>\n<meta property=\"og:type\" content=\"article\" \/>\n<meta property=\"og:title\" content=\"SPONSORS - V&otilde;handu Maraton\" \/>\n<meta property=\"og:description\" content=\"V\u00f5handu maraton t\u00e4nab oma toetajaid! Olge hoitud ja mingu Teil alati k\u00f5ige paremini! Ja k\u00f5igile teistele kes veel kaaluvad oma panuse andmist maratoni korraldusse... Kui Sinu hinges p\u00f5leb SEIKLUS ning &hellip;\" \/>\n<meta property=\"og:url\" content=\"https:\/\/www.vohandumaraton.ee\/en\/sponsor\/\" \/>\n<meta property=\"og:site_name\" content=\"V&otilde;handu Maraton\" \/>\n<meta property=\"article:publisher\" content=\"https:\/\/www.facebook.com\/VohanduMaraton\/\" \/>\n<meta property=\"article:modified_time\" content=\"2019-03-06T10:33:43+00:00\" \/>\n<meta name=\"twitter:card\" content=\"summary_large_image\" \/>\n<script type=\"application\/ld+json\" class=\"yoast-schema-graph\">{\"@context\":\"https:\\\/\\\/schema.org\",\"@graph\":[{\"@type\":\"WebPage\",\"@id\":\"https:\\\/\\\/www.vohandumaraton.ee\\\/en\\\/sponsor\\\/\",\"url\":\"https:\\\/\\\/www.vohandumaraton.ee\\\/en\\\/sponsor\\\/\",\"name\":\"SPONSORS - V&otilde;handu Maraton\",\"isPartOf\":{\"@id\":\"https:\\\/\\\/www.vohandumaraton.ee\\\/en\\\/#website\"},\"datePublished\":\"2017-11-11T17:44:52+00:00\",\"dateModified\":\"2019-03-06T10:33:43+00:00\",\"breadcrumb\":{\"@id\":\"https:\\\/\\\/www.vohandumaraton.ee\\\/en\\\/sponsor\\\/#breadcrumb\"},\"inLanguage\":\"en-us\",\"potentialAction\":[{\"@type\":\"ReadAction\",\"target\":[\"https:\\\/\\\/www.vohandumaraton.ee\\\/en\\\/sponsor\\\/\"]}]},{\"@type\":\"BreadcrumbList\",\"@id\":\"https:\\\/\\\/www.vohandumaraton.ee\\\/en\\\/sponsor\\\/#breadcrumb\",\"itemListElement\":[{\"@type\":\"ListItem\",\"position\":1,\"name\":\"Home\",\"item\":\"https:\\\/\\\/www.vohandumaraton.ee\\\/en\\\/home-2\\\/\"},{\"@type\":\"ListItem\",\"position\":2,\"name\":\"SPONSORS\"}]},{\"@type\":\"WebSite\",\"@id\":\"https:\\\/\\\/www.vohandumaraton.ee\\\/en\\\/#website\",\"url\":\"https:\\\/\\\/www.vohandumaraton.ee\\\/en\\\/\",\"name\":\"V&otilde;handu Maraton\",\"description\":\"V&otilde;handu Maraton World&rsquo;s biggest canoeing marathon\",\"publisher\":{\"@id\":\"https:\\\/\\\/www.vohandumaraton.ee\\\/en\\\/#organization\"},\"potentialAction\":[{\"@type\":\"SearchAction\",\"target\":{\"@type\":\"EntryPoint\",\"urlTemplate\":\"https:\\\/\\\/www.vohandumaraton.ee\\\/en\\\/?s={search_term_string}\"},\"query-input\":{\"@type\":\"PropertyValueSpecification\",\"valueRequired\":true,\"valueName\":\"search_term_string\"}}],\"inLanguage\":\"en-us\"},{\"@type\":\"Organization\",\"@id\":\"https:\\\/\\\/www.vohandumaraton.ee\\\/en\\\/#organization\",\"name\":\"V\u00f5handu Maraton\",\"url\":\"https:\\\/\\\/www.vohandumaraton.ee\\\/en\\\/\",\"logo\":{\"@type\":\"ImageObject\",\"inLanguage\":\"en-us\",\"@id\":\"https:\\\/\\\/www.vohandumaraton.ee\\\/en\\\/#\\\/schema\\\/logo\\\/image\\\/\",\"url\":\"https:\\\/\\\/www.vohandumaraton.ee\\\/wp-content\\\/uploads\\\/2016\\\/10\\\/cropped-vm_logo_002-1.png\",\"contentUrl\":\"https:\\\/\\\/www.vohandumaraton.ee\\\/wp-content\\\/uploads\\\/2016\\\/10\\\/cropped-vm_logo_002-1.png\",\"width\":512,\"height\":512,\"caption\":\"V\u00f5handu Maraton\"},\"image\":{\"@id\":\"https:\\\/\\\/www.vohandumaraton.ee\\\/en\\\/#\\\/schema\\\/logo\\\/image\\\/\"},\"sameAs\":[\"https:\\\/\\\/www.facebook.com\\\/VohanduMaraton\\\/\",\"https:\\\/\\\/www.youtube.com\\\/user\\\/VohanduMaraton\"]}]}<\/script>\n<!-- \/ Yoast SEO plugin. -->","yoast_head_json":{"title":"SPONSORS - V&otilde;handu Maraton","robots":{"index":"index","follow":"follow","max-snippet":"max-snippet:-1","max-image-preview":"max-image-preview:large","max-video-preview":"max-video-preview:-1"},"canonical":"https:\/\/www.vohandumaraton.ee\/en\/sponsor\/","og_locale":"en_US","og_type":"article","og_title":"SPONSORS - V&otilde;handu Maraton","og_description":"V\u00f5handu maraton t\u00e4nab oma toetajaid! Olge hoitud ja mingu Teil alati k\u00f5ige paremini! Ja k\u00f5igile teistele kes veel kaaluvad oma panuse andmist maratoni korraldusse... Kui Sinu hinges p\u00f5leb SEIKLUS ning &hellip;","og_url":"https:\/\/www.vohandumaraton.ee\/en\/sponsor\/","og_site_name":"V&otilde;handu Maraton","article_publisher":"https:\/\/www.facebook.com\/VohanduMaraton\/","article_modified_time":"2019-03-06T10:33:43+00:00","twitter_card":"summary_large_image","schema":{"@context":"https:\/\/schema.org","@graph":[{"@type":"WebPage","@id":"https:\/\/www.vohandumaraton.ee\/en\/sponsor\/","url":"https:\/\/www.vohandumaraton.ee\/en\/sponsor\/","name":"SPONSORS - V&otilde;handu Maraton","isPartOf":{"@id":"https:\/\/www.vohandumaraton.ee\/en\/#website"},"datePublished":"2017-11-11T17:44:52+00:00","dateModified":"2019-03-06T10:33:43+00:00","breadcrumb":{"@id":"https:\/\/www.vohandumaraton.ee\/en\/sponsor\/#breadcrumb"},"inLanguage":"en-us","potentialAction":[{"@type":"ReadAction","target":["https:\/\/www.vohandumaraton.ee\/en\/sponsor\/"]}]},{"@type":"BreadcrumbList","@id":"https:\/\/www.vohandumaraton.ee\/en\/sponsor\/#breadcrumb","itemListElement":[{"@type":"ListItem","position":1,"name":"Home","item":"https:\/\/www.vohandumaraton.ee\/en\/home-2\/"},{"@type":"ListItem","position":2,"name":"SPONSORS"}]},{"@type":"WebSite","@id":"https:\/\/www.vohandumaraton.ee\/en\/#website","url":"https:\/\/www.vohandumaraton.ee\/en\/","name":"V&otilde;handu Maraton","description":"V&otilde;handu Maraton World&rsquo;s biggest canoeing marathon","publisher":{"@id":"https:\/\/www.vohandumaraton.ee\/en\/#organization"},"potentialAction":[{"@type":"SearchAction","target":{"@type":"EntryPoint","urlTemplate":"https:\/\/www.vohandumaraton.ee\/en\/?s={search_term_string}"},"query-input":{"@type":"PropertyValueSpecification","valueRequired":true,"valueName":"search_term_string"}}],"inLanguage":"en-us"},{"@type":"Organization","@id":"https:\/\/www.vohandumaraton.ee\/en\/#organization","name":"V\u00f5handu Maraton","url":"https:\/\/www.vohandumaraton.ee\/en\/","logo":{"@type":"ImageObject","inLanguage":"en-us","@id":"https:\/\/www.vohandumaraton.ee\/en\/#\/schema\/logo\/image\/","url":"https:\/\/www.vohandumaraton.ee\/wp-content\/uploads\/2016\/10\/cropped-vm_logo_002-1.png","contentUrl":"https:\/\/www.vohandumaraton.ee\/wp-content\/uploads\/2016\/10\/cropped-vm_logo_002-1.png","width":512,"height":512,"caption":"V\u00f5handu Maraton"},"image":{"@id":"https:\/\/www.vohandumaraton.ee\/en\/#\/schema\/logo\/image\/"},"sameAs":["https:\/\/www.facebook.com\/VohanduMaraton\/","https:\/\/www.youtube.com\/user\/VohanduMaraton"]}]}},"jetpack_sharing_enabled":true,"_links":{"self":[{"href":"https:\/\/www.vohandumaraton.ee\/en\/wp-json\/wp\/v2\/pages\/8741","targetHints":{"allow":["GET"]}}],"collection":[{"href":"https:\/\/www.vohandumaraton.ee\/en\/wp-json\/wp\/v2\/pages"}],"about":[{"href":"https:\/\/www.vohandumaraton.ee\/en\/wp-json\/wp\/v2\/types\/page"}],"author":[{"embeddable":true,"href":"https:\/\/www.vohandumaraton.ee\/en\/wp-json\/wp\/v2\/users\/1"}],"replies":[{"embeddable":true,"href":"https:\/\/www.vohandumaraton.ee\/en\/wp-json\/wp\/v2\/comments?post=8741"}],"version-history":[{"count":53,"href":"https:\/\/www.vohandumaraton.ee\/en\/wp-json\/wp\/v2\/pages\/8741\/revisions"}],"predecessor-version":[{"id":13824,"href":"https:\/\/www.vohandumaraton.ee\/en\/wp-json\/wp\/v2\/pages\/8741\/revisions\/13824"}],"wp:attachment":[{"href":"https:\/\/www.vohandumaraton.ee\/en\/wp-json\/wp\/v2\/media?parent=8741"}],"curies":[{"name":"wp","href":"https:\/\/api.w.org\/{rel}","templated":true}]}}