{"id":6657,"date":"2017-10-18T13:12:54","date_gmt":"2017-10-18T10:12:54","guid":{"rendered":"http:\/\/vohandumaraton-ee.vserver.zonevs.eu\/start-list\/"},"modified":"2026-01-03T18:31:40","modified_gmt":"2026-01-03T16:31:40","slug":"participants","status":"publish","type":"page","link":"https:\/\/www.vohandumaraton.ee\/en\/participants\/","title":{"rendered":"PARTICIPANTS"},"content":{"rendered":"<div id=\"pl-6657\"  class=\"panel-layout\" ><div id=\"pg-6657-0\"  class=\"panel-grid panel-no-style\" ><div id=\"pgc-6657-0-0\"  class=\"panel-grid-cell\" ><div id=\"panel-6657-0-0-0\" class=\"so-panel widget widget_sow-editor panel-first-child\" data-index=\"0\" ><div\n\t\t\t\n\t\t\tclass=\"so-widget-sow-editor so-widget-sow-editor-base\"\n\t\t\t\n\t\t>\n<div class=\"siteorigin-widget-tinymce textwidget\">\n\t<p><strong>\ud83d\udcc5 31. m\u00e4rts kell 24:00<\/strong> sulgeme registreerimise V\u00f5handu Maratonile. Palun <strong>logi oma kontole sisse<\/strong> ja vaata \u00fcle paatkonna ning liikmete andmed.<\/p>\n<p>Samast kohast leiad ka:<\/p>\n<ul>\n<li>info arve ja tasumiste kohta,<\/li>\n<li>\u00fclevaate tellitud kaupadest ja teenustest.<\/li>\n<\/ul>\n<\/div>\n<\/div><\/div><div id=\"panel-6657-0-0-1\" class=\"so-panel widget widget_sow-button\" data-index=\"1\" ><div class=\"panel-widget-style panel-widget-style-for-6657-0-0-1\" ><div\n\t\t\t\n\t\t\tclass=\"so-widget-sow-button so-widget-sow-button-wire-28f81e596a99-6657\"\n\t\t\t\n\t\t><div class=\"ow-button-base ow-button-align-center\"\n>\n\t\t\t<a\n\t\t\t\t\thref=\"https:\/\/management.vohandumaraton.ee\/\"\n\t\t\t\t\tclass=\"sowb-button ow-icon-placement-left ow-button-hover\" target=\"_blank\" rel=\"noopener noreferrer\" \t>\n\t\t<span>\n\t\t\t<span class=\"sow-icon-fontawesome sow-far\" data-sow-icon=\"&#xf2b5;\"\n\t\tstyle=\"color: #2e3b4e\" \n\t\taria-hidden=\"true\"><\/span>\n\t\t\t<span style=\"font-size: 16px\"><b>KONTROLLI OMA PAADI ANDMEID<\/b><\/span>\t\t<\/span>\n\t\t\t<\/a>\n\t<\/div>\n<\/div><\/div><\/div><div id=\"panel-6657-0-0-2\" class=\"so-panel widget widget_sow-button\" data-index=\"2\" ><div\n\t\t\t\n\t\t\tclass=\"so-widget-sow-button so-widget-sow-button-flat-66466acb9e12-6657\"\n\t\t\t\n\t\t><div class=\"ow-button-base ow-button-align-center\"\n>\n\t\t\t<a\n\t\t\t\t\thref=\"https:\/\/management.vohandumaraton.ee\/startlist\"\n\t\t\t\t\tclass=\"sowb-button ow-icon-placement-left ow-button-hover\" target=\"_blank\" rel=\"noopener noreferrer\" \t>\n\t\t<span>\n\t\t\t\n\t\t\tSTARDINIMEKIR\t\t<\/span>\n\t\t\t<\/a>\n\t<\/div>\n<\/div><\/div><div id=\"panel-6657-0-0-3\" class=\"so-panel widget widget_sow-editor panel-last-child\" data-index=\"3\" ><div\n\t\t\t\n\t\t\tclass=\"so-widget-sow-editor so-widget-sow-editor-base\"\n\t\t\t\n\t\t>\n<div class=\"siteorigin-widget-tinymce textwidget\">\n\t<p>NB! Registreerimine k\u00f5igile V\u00f5handu maratoni \u00fcritustele k\u00e4ib \u00fche konto alt.<br \/>\nValiku erinevate maratoni s\u00fcndmuste vahel saate teha peale kontole sisselogimist v\u00f5i kui konto puudub siis peale selle loomist.<\/p>\n<p><strong>NB!<\/strong>&nbsp;Konto loomine ei ole veel registreerimine!&nbsp;<strong>Konto loob ainult \u00fcks meeskonna liige (KAPTEN)<\/strong> kes salvestab paadi andmed ning lisab \u00fchekaupa k\u00f5ik paatkonna liikmed ja ka ise enda kui ta l\u00e4heb s\u00f5itma. Konto looja saab kuni 31. m\u00e4rtsini ise teha k\u00f5iki muudatusi oma paatkonnas. Muuta liikmeid, lisada liikmeid, kustutada liikmeid, osta muid pakutavaid kaupu ja teenuseid.<\/p>\n<p>V\u00f5istluseks registreerimine toimub aadressil <a href=\"https:\/\/vm.vohandumaraton.ee\/ee\" target=\"_blank\" rel=\"noopener\">https:\/\/www.vohandumaraton.ee\/regamine\/<\/a><br \/>\nRegistreerimine avatakse igal aastal <strong>01.jaanuaril<\/strong> ja suletakse <strong>31. m\u00e4rts.<\/strong><\/p>\n<\/div>\n<\/div><\/div><\/div><\/div><div id=\"pg-6657-1\"  class=\"panel-grid panel-no-style\" ><div id=\"pgc-6657-1-0\"  class=\"panel-grid-cell\" ><div id=\"panel-6657-1-0-0\" class=\"so-panel widget widget_sow-editor panel-first-child panel-last-child\" data-index=\"4\" ><div\n\t\t\t\n\t\t\tclass=\"so-widget-sow-editor so-widget-sow-editor-base\"\n\t\t\t\n\t\t>\n<div class=\"siteorigin-widget-tinymce textwidget\">\n\t<hr \/>\n<\/div>\n<\/div><\/div><\/div><\/div><div id=\"pg-6657-2\"  class=\"panel-grid panel-no-style\" ><div id=\"pgc-6657-2-0\"  class=\"panel-grid-cell\" ><div id=\"panel-6657-2-0-0\" class=\"so-panel widget widget_sow-editor panel-first-child panel-last-child\" data-index=\"5\" ><div\n\t\t\t\n\t\t\tclass=\"so-widget-sow-editor so-widget-sow-editor-base\"\n\t\t\t\n\t\t>\n<div class=\"siteorigin-widget-tinymce textwidget\">\n\t<div id='gallery-1' class='gallery galleryid-6657 gallery-columns-3 gallery-size-large'><figure class='gallery-item'>\n\t\t\t<div class='gallery-icon landscape'>\n\t\t\t\t<a href='https:\/\/www.vohandumaraton.ee\/wp-content\/uploads\/2019\/08\/14.VM_.2019.Sven_.Zacek_.Ekstreempark.private.collection__200419_065603_004_70prossa.jpg'><img loading=\"lazy\" decoding=\"async\" width=\"1024\" height=\"490\" src=\"https:\/\/www.vohandumaraton.ee\/wp-content\/uploads\/2019\/08\/14.VM_.2019.Sven_.Zacek_.Ekstreempark.private.collection__200419_065603_004_70prossa-1024x490.jpg\" class=\"attachment-large size-large\" alt=\"V\u00f5handu maraton start Sven Zacek\" aria-describedby=\"gallery-1-14489\" srcset=\"https:\/\/www.vohandumaraton.ee\/wp-content\/uploads\/2019\/08\/14.VM_.2019.Sven_.Zacek_.Ekstreempark.private.collection__200419_065603_004_70prossa-1024x490.jpg 1024w, https:\/\/www.vohandumaraton.ee\/wp-content\/uploads\/2019\/08\/14.VM_.2019.Sven_.Zacek_.Ekstreempark.private.collection__200419_065603_004_70prossa-300x144.jpg 300w, https:\/\/www.vohandumaraton.ee\/wp-content\/uploads\/2019\/08\/14.VM_.2019.Sven_.Zacek_.Ekstreempark.private.collection__200419_065603_004_70prossa-768x368.jpg 768w, https:\/\/www.vohandumaraton.ee\/wp-content\/uploads\/2019\/08\/14.VM_.2019.Sven_.Zacek_.Ekstreempark.private.collection__200419_065603_004_70prossa-600x287.jpg 600w, https:\/\/www.vohandumaraton.ee\/wp-content\/uploads\/2019\/08\/14.VM_.2019.Sven_.Zacek_.Ekstreempark.private.collection__200419_065603_004_70prossa.jpg 1420w\" sizes=\"auto, (max-width: 1024px) 100vw, 1024px\" \/><\/a>\n\t\t\t<\/div>\n\t\t\t\t<figcaption class='wp-caption-text gallery-caption' id='gallery-1-14489'>\n\t\t\t\tMarathon Start from Lake Tamula\n\t\t\t\t<\/figcaption><\/figure><figure class='gallery-item'>\n\t\t\t<div class='gallery-icon landscape'>\n\t\t\t\t<a href='https:\/\/www.vohandumaraton.ee\/wp-content\/uploads\/2019\/01\/13.VM_.2018.Sven_.Zacek_.Ekstreempark.private.collection__210418_165145_337.jpg'><img loading=\"lazy\" decoding=\"async\" width=\"1024\" height=\"490\" src=\"https:\/\/www.vohandumaraton.ee\/wp-content\/uploads\/2019\/01\/13.VM_.2018.Sven_.Zacek_.Ekstreempark.private.collection__210418_165145_337-1024x490.jpg\" class=\"attachment-large size-large\" alt=\"13.VM.2018.Sven.Zacek.Ekstreempark.private.collection__210418_165145_337\" aria-describedby=\"gallery-1-13314\" srcset=\"https:\/\/www.vohandumaraton.ee\/wp-content\/uploads\/2019\/01\/13.VM_.2018.Sven_.Zacek_.Ekstreempark.private.collection__210418_165145_337-1024x490.jpg 1024w, https:\/\/www.vohandumaraton.ee\/wp-content\/uploads\/2019\/01\/13.VM_.2018.Sven_.Zacek_.Ekstreempark.private.collection__210418_165145_337-300x144.jpg 300w, https:\/\/www.vohandumaraton.ee\/wp-content\/uploads\/2019\/01\/13.VM_.2018.Sven_.Zacek_.Ekstreempark.private.collection__210418_165145_337-768x368.jpg 768w, https:\/\/www.vohandumaraton.ee\/wp-content\/uploads\/2019\/01\/13.VM_.2018.Sven_.Zacek_.Ekstreempark.private.collection__210418_165145_337-600x287.jpg 600w, https:\/\/www.vohandumaraton.ee\/wp-content\/uploads\/2019\/01\/13.VM_.2018.Sven_.Zacek_.Ekstreempark.private.collection__210418_165145_337.jpg 1420w\" sizes=\"auto, (max-width: 1024px) 100vw, 1024px\" \/><\/a>\n\t\t\t<\/div>\n\t\t\t\t<figcaption class='wp-caption-text gallery-caption' id='gallery-1-13314'>\n\t\t\t\t13.vm2018\n\t\t\t\t<\/figcaption><\/figure><figure class='gallery-item'>\n\t\t\t<div class='gallery-icon landscape'>\n\t\t\t\t<a href='https:\/\/www.vohandumaraton.ee\/wp-content\/uploads\/2019\/01\/13.VM_.2018.Sven_.Zacek_.Ekstreempark.private.collection__210418_074632_033.jpg'><img loading=\"lazy\" decoding=\"async\" width=\"1024\" height=\"490\" src=\"https:\/\/www.vohandumaraton.ee\/wp-content\/uploads\/2019\/01\/13.VM_.2018.Sven_.Zacek_.Ekstreempark.private.collection__210418_074632_033-1024x490.jpg\" class=\"attachment-large size-large\" alt=\"13.VM.2018.Sven.Zacek.Ekstreempark.private.collection__210418_074632_033\" aria-describedby=\"gallery-1-13290\" srcset=\"https:\/\/www.vohandumaraton.ee\/wp-content\/uploads\/2019\/01\/13.VM_.2018.Sven_.Zacek_.Ekstreempark.private.collection__210418_074632_033-1024x490.jpg 1024w, https:\/\/www.vohandumaraton.ee\/wp-content\/uploads\/2019\/01\/13.VM_.2018.Sven_.Zacek_.Ekstreempark.private.collection__210418_074632_033-300x144.jpg 300w, https:\/\/www.vohandumaraton.ee\/wp-content\/uploads\/2019\/01\/13.VM_.2018.Sven_.Zacek_.Ekstreempark.private.collection__210418_074632_033-768x368.jpg 768w, https:\/\/www.vohandumaraton.ee\/wp-content\/uploads\/2019\/01\/13.VM_.2018.Sven_.Zacek_.Ekstreempark.private.collection__210418_074632_033-600x287.jpg 600w, https:\/\/www.vohandumaraton.ee\/wp-content\/uploads\/2019\/01\/13.VM_.2018.Sven_.Zacek_.Ekstreempark.private.collection__210418_074632_033.jpg 1420w\" sizes=\"auto, (max-width: 1024px) 100vw, 1024px\" \/><\/a>\n\t\t\t<\/div>\n\t\t\t\t<figcaption class='wp-caption-text gallery-caption' id='gallery-1-13290'>\n\t\t\t\t13.vm2018\n\t\t\t\t<\/figcaption><\/figure>\n\t\t<\/div>\n\n<\/div>\n<\/div><\/div><\/div><\/div><\/div>","protected":false},"excerpt":{"rendered":"<p>\ud83d\udcc5 31. m\u00e4rts kell 24:00 sulgeme registreerimise V\u00f5handu Maratonile. Palun logi oma kontole sisse ja vaata \u00fcle paatkonna ning liikmete andmed. Samast kohast leiad ka: info arve ja tasumiste kohta, &hellip;<\/p>\n","protected":false},"author":1,"featured_media":0,"parent":0,"menu_order":0,"comment_status":"closed","ping_status":"closed","template":"","meta":{"_acf_changed":false,"ngg_post_thumbnail":0,"footnotes":""},"class_list":["post-6657","page","type-page","status-publish","clearfix","article"],"acf":[],"yoast_head":"<!-- This site is optimized with the Yoast SEO plugin v27.4 - https:\/\/yoast.com\/product\/yoast-seo-wordpress\/ -->\n<title>PARTICIPANTS - V&otilde;handu Maraton<\/title>\n<meta name=\"robots\" content=\"index, follow, max-snippet:-1, max-image-preview:large, max-video-preview:-1\" \/>\n<link rel=\"canonical\" href=\"https:\/\/www.vohandumaraton.ee\/en\/participants\/\" \/>\n<meta property=\"og:locale\" content=\"en_US\" \/>\n<meta property=\"og:type\" content=\"article\" \/>\n<meta property=\"og:title\" content=\"PARTICIPANTS - V&otilde;handu Maraton\" \/>\n<meta property=\"og:description\" content=\"\ud83d\udcc5 31. m\u00e4rts kell 24:00 sulgeme registreerimise V\u00f5handu Maratonile. Palun logi oma kontole sisse ja vaata \u00fcle paatkonna ning liikmete andmed. Samast kohast leiad ka: info arve ja tasumiste kohta, &hellip;\" \/>\n<meta property=\"og:url\" content=\"https:\/\/www.vohandumaraton.ee\/en\/participants\/\" \/>\n<meta property=\"og:site_name\" content=\"V&otilde;handu Maraton\" \/>\n<meta property=\"article:publisher\" content=\"https:\/\/www.facebook.com\/VohanduMaraton\/\" \/>\n<meta property=\"article:modified_time\" content=\"2026-01-03T16:31:40+00:00\" \/>\n<meta property=\"og:image\" content=\"https:\/\/www.vohandumaraton.ee\/wp-content\/uploads\/2019\/01\/13.VM_.2018.Sven_.Zacek_.Ekstreempark.private.collection__210418_074632_033-1024x490.jpg\" \/>\n<meta name=\"twitter:card\" content=\"summary_large_image\" \/>\n<meta name=\"twitter:label1\" content=\"Est. reading time\" \/>\n\t<meta name=\"twitter:data1\" content=\"1 minute\" \/>\n<script type=\"application\/ld+json\" class=\"yoast-schema-graph\">{\"@context\":\"https:\\\/\\\/schema.org\",\"@graph\":[{\"@type\":\"WebPage\",\"@id\":\"https:\\\/\\\/www.vohandumaraton.ee\\\/en\\\/participants\\\/\",\"url\":\"https:\\\/\\\/www.vohandumaraton.ee\\\/en\\\/participants\\\/\",\"name\":\"PARTICIPANTS - V&otilde;handu Maraton\",\"isPartOf\":{\"@id\":\"https:\\\/\\\/www.vohandumaraton.ee\\\/en\\\/#website\"},\"primaryImageOfPage\":{\"@id\":\"https:\\\/\\\/www.vohandumaraton.ee\\\/en\\\/participants\\\/#primaryimage\"},\"image\":{\"@id\":\"https:\\\/\\\/www.vohandumaraton.ee\\\/en\\\/participants\\\/#primaryimage\"},\"thumbnailUrl\":\"https:\\\/\\\/www.vohandumaraton.ee\\\/wp-content\\\/uploads\\\/2019\\\/01\\\/13.VM_.2018.Sven_.Zacek_.Ekstreempark.private.collection__210418_074632_033-1024x490.jpg\",\"datePublished\":\"2017-10-18T10:12:54+00:00\",\"dateModified\":\"2026-01-03T16:31:40+00:00\",\"breadcrumb\":{\"@id\":\"https:\\\/\\\/www.vohandumaraton.ee\\\/en\\\/participants\\\/#breadcrumb\"},\"inLanguage\":\"en-us\",\"potentialAction\":[{\"@type\":\"ReadAction\",\"target\":[\"https:\\\/\\\/www.vohandumaraton.ee\\\/en\\\/participants\\\/\"]}]},{\"@type\":\"ImageObject\",\"inLanguage\":\"en-us\",\"@id\":\"https:\\\/\\\/www.vohandumaraton.ee\\\/en\\\/participants\\\/#primaryimage\",\"url\":\"https:\\\/\\\/www.vohandumaraton.ee\\\/wp-content\\\/uploads\\\/2019\\\/01\\\/13.VM_.2018.Sven_.Zacek_.Ekstreempark.private.collection__210418_074632_033-1024x490.jpg\",\"contentUrl\":\"https:\\\/\\\/www.vohandumaraton.ee\\\/wp-content\\\/uploads\\\/2019\\\/01\\\/13.VM_.2018.Sven_.Zacek_.Ekstreempark.private.collection__210418_074632_033-1024x490.jpg\"},{\"@type\":\"BreadcrumbList\",\"@id\":\"https:\\\/\\\/www.vohandumaraton.ee\\\/en\\\/participants\\\/#breadcrumb\",\"itemListElement\":[{\"@type\":\"ListItem\",\"position\":1,\"name\":\"Home\",\"item\":\"https:\\\/\\\/www.vohandumaraton.ee\\\/en\\\/\"},{\"@type\":\"ListItem\",\"position\":2,\"name\":\"PARTICIPANTS\"}]},{\"@type\":\"WebSite\",\"@id\":\"https:\\\/\\\/www.vohandumaraton.ee\\\/en\\\/#website\",\"url\":\"https:\\\/\\\/www.vohandumaraton.ee\\\/en\\\/\",\"name\":\"V&otilde;handu Maraton\",\"description\":\"V&otilde;handu Maraton World&rsquo;s biggest canoeing marathon\",\"publisher\":{\"@id\":\"https:\\\/\\\/www.vohandumaraton.ee\\\/en\\\/#organization\"},\"potentialAction\":[{\"@type\":\"SearchAction\",\"target\":{\"@type\":\"EntryPoint\",\"urlTemplate\":\"https:\\\/\\\/www.vohandumaraton.ee\\\/en\\\/?s={search_term_string}\"},\"query-input\":{\"@type\":\"PropertyValueSpecification\",\"valueRequired\":true,\"valueName\":\"search_term_string\"}}],\"inLanguage\":\"en-us\"},{\"@type\":\"Organization\",\"@id\":\"https:\\\/\\\/www.vohandumaraton.ee\\\/en\\\/#organization\",\"name\":\"V\u00f5handu Maraton\",\"url\":\"https:\\\/\\\/www.vohandumaraton.ee\\\/en\\\/\",\"logo\":{\"@type\":\"ImageObject\",\"inLanguage\":\"en-us\",\"@id\":\"https:\\\/\\\/www.vohandumaraton.ee\\\/en\\\/#\\\/schema\\\/logo\\\/image\\\/\",\"url\":\"https:\\\/\\\/www.vohandumaraton.ee\\\/wp-content\\\/uploads\\\/2016\\\/10\\\/cropped-vm_logo_002-1.png\",\"contentUrl\":\"https:\\\/\\\/www.vohandumaraton.ee\\\/wp-content\\\/uploads\\\/2016\\\/10\\\/cropped-vm_logo_002-1.png\",\"width\":512,\"height\":512,\"caption\":\"V\u00f5handu Maraton\"},\"image\":{\"@id\":\"https:\\\/\\\/www.vohandumaraton.ee\\\/en\\\/#\\\/schema\\\/logo\\\/image\\\/\"},\"sameAs\":[\"https:\\\/\\\/www.facebook.com\\\/VohanduMaraton\\\/\",\"https:\\\/\\\/www.youtube.com\\\/user\\\/VohanduMaraton\"]}]}<\/script>\n<!-- \/ Yoast SEO plugin. -->","yoast_head_json":{"title":"PARTICIPANTS - V&otilde;handu Maraton","robots":{"index":"index","follow":"follow","max-snippet":"max-snippet:-1","max-image-preview":"max-image-preview:large","max-video-preview":"max-video-preview:-1"},"canonical":"https:\/\/www.vohandumaraton.ee\/en\/participants\/","og_locale":"en_US","og_type":"article","og_title":"PARTICIPANTS - V&otilde;handu Maraton","og_description":"\ud83d\udcc5 31. m\u00e4rts kell 24:00 sulgeme registreerimise V\u00f5handu Maratonile. Palun logi oma kontole sisse ja vaata \u00fcle paatkonna ning liikmete andmed. Samast kohast leiad ka: info arve ja tasumiste kohta, &hellip;","og_url":"https:\/\/www.vohandumaraton.ee\/en\/participants\/","og_site_name":"V&otilde;handu Maraton","article_publisher":"https:\/\/www.facebook.com\/VohanduMaraton\/","article_modified_time":"2026-01-03T16:31:40+00:00","og_image":[{"url":"https:\/\/www.vohandumaraton.ee\/wp-content\/uploads\/2019\/01\/13.VM_.2018.Sven_.Zacek_.Ekstreempark.private.collection__210418_074632_033-1024x490.jpg","type":"","width":"","height":""}],"twitter_card":"summary_large_image","twitter_misc":{"Est. reading time":"1 minute"},"schema":{"@context":"https:\/\/schema.org","@graph":[{"@type":"WebPage","@id":"https:\/\/www.vohandumaraton.ee\/en\/participants\/","url":"https:\/\/www.vohandumaraton.ee\/en\/participants\/","name":"PARTICIPANTS - V&otilde;handu Maraton","isPartOf":{"@id":"https:\/\/www.vohandumaraton.ee\/en\/#website"},"primaryImageOfPage":{"@id":"https:\/\/www.vohandumaraton.ee\/en\/participants\/#primaryimage"},"image":{"@id":"https:\/\/www.vohandumaraton.ee\/en\/participants\/#primaryimage"},"thumbnailUrl":"https:\/\/www.vohandumaraton.ee\/wp-content\/uploads\/2019\/01\/13.VM_.2018.Sven_.Zacek_.Ekstreempark.private.collection__210418_074632_033-1024x490.jpg","datePublished":"2017-10-18T10:12:54+00:00","dateModified":"2026-01-03T16:31:40+00:00","breadcrumb":{"@id":"https:\/\/www.vohandumaraton.ee\/en\/participants\/#breadcrumb"},"inLanguage":"en-us","potentialAction":[{"@type":"ReadAction","target":["https:\/\/www.vohandumaraton.ee\/en\/participants\/"]}]},{"@type":"ImageObject","inLanguage":"en-us","@id":"https:\/\/www.vohandumaraton.ee\/en\/participants\/#primaryimage","url":"https:\/\/www.vohandumaraton.ee\/wp-content\/uploads\/2019\/01\/13.VM_.2018.Sven_.Zacek_.Ekstreempark.private.collection__210418_074632_033-1024x490.jpg","contentUrl":"https:\/\/www.vohandumaraton.ee\/wp-content\/uploads\/2019\/01\/13.VM_.2018.Sven_.Zacek_.Ekstreempark.private.collection__210418_074632_033-1024x490.jpg"},{"@type":"BreadcrumbList","@id":"https:\/\/www.vohandumaraton.ee\/en\/participants\/#breadcrumb","itemListElement":[{"@type":"ListItem","position":1,"name":"Home","item":"https:\/\/www.vohandumaraton.ee\/en\/"},{"@type":"ListItem","position":2,"name":"PARTICIPANTS"}]},{"@type":"WebSite","@id":"https:\/\/www.vohandumaraton.ee\/en\/#website","url":"https:\/\/www.vohandumaraton.ee\/en\/","name":"V&otilde;handu Maraton","description":"V&otilde;handu Maraton World&rsquo;s biggest canoeing marathon","publisher":{"@id":"https:\/\/www.vohandumaraton.ee\/en\/#organization"},"potentialAction":[{"@type":"SearchAction","target":{"@type":"EntryPoint","urlTemplate":"https:\/\/www.vohandumaraton.ee\/en\/?s={search_term_string}"},"query-input":{"@type":"PropertyValueSpecification","valueRequired":true,"valueName":"search_term_string"}}],"inLanguage":"en-us"},{"@type":"Organization","@id":"https:\/\/www.vohandumaraton.ee\/en\/#organization","name":"V\u00f5handu Maraton","url":"https:\/\/www.vohandumaraton.ee\/en\/","logo":{"@type":"ImageObject","inLanguage":"en-us","@id":"https:\/\/www.vohandumaraton.ee\/en\/#\/schema\/logo\/image\/","url":"https:\/\/www.vohandumaraton.ee\/wp-content\/uploads\/2016\/10\/cropped-vm_logo_002-1.png","contentUrl":"https:\/\/www.vohandumaraton.ee\/wp-content\/uploads\/2016\/10\/cropped-vm_logo_002-1.png","width":512,"height":512,"caption":"V\u00f5handu Maraton"},"image":{"@id":"https:\/\/www.vohandumaraton.ee\/en\/#\/schema\/logo\/image\/"},"sameAs":["https:\/\/www.facebook.com\/VohanduMaraton\/","https:\/\/www.youtube.com\/user\/VohanduMaraton"]}]}},"jetpack_sharing_enabled":true,"_links":{"self":[{"href":"https:\/\/www.vohandumaraton.ee\/en\/wp-json\/wp\/v2\/pages\/6657","targetHints":{"allow":["GET"]}}],"collection":[{"href":"https:\/\/www.vohandumaraton.ee\/en\/wp-json\/wp\/v2\/pages"}],"about":[{"href":"https:\/\/www.vohandumaraton.ee\/en\/wp-json\/wp\/v2\/types\/page"}],"author":[{"embeddable":true,"href":"https:\/\/www.vohandumaraton.ee\/en\/wp-json\/wp\/v2\/users\/1"}],"replies":[{"embeddable":true,"href":"https:\/\/www.vohandumaraton.ee\/en\/wp-json\/wp\/v2\/comments?post=6657"}],"version-history":[{"count":223,"href":"https:\/\/www.vohandumaraton.ee\/en\/wp-json\/wp\/v2\/pages\/6657\/revisions"}],"predecessor-version":[{"id":35792,"href":"https:\/\/www.vohandumaraton.ee\/en\/wp-json\/wp\/v2\/pages\/6657\/revisions\/35792"}],"wp:attachment":[{"href":"https:\/\/www.vohandumaraton.ee\/en\/wp-json\/wp\/v2\/media?parent=6657"}],"curies":[{"name":"wp","href":"https:\/\/api.w.org\/{rel}","templated":true}]}}