{"id":6587,"date":"2016-10-07T11:01:13","date_gmt":"2016-10-07T11:01:13","guid":{"rendered":"http:\/\/vohandumaraton-ee.vserver.zonevs.eu\/contact-us\/"},"modified":"2026-01-27T12:18:14","modified_gmt":"2026-01-27T10:18:14","slug":"contact","status":"publish","type":"page","link":"https:\/\/www.vohandumaraton.ee\/en\/contact\/","title":{"rendered":"CONTACT"},"content":{"rendered":"<div id=\"pl-6587\"  class=\"panel-layout\" ><div id=\"pg-6587-0\"  class=\"panel-grid panel-no-style\" ><div id=\"pgc-6587-0-0\"  class=\"panel-grid-cell\" ><div id=\"panel-6587-0-0-0\" class=\"so-panel widget widget_sow-editor panel-first-child panel-last-child\" data-index=\"0\" ><div\n\t\t\t\n\t\t\tclass=\"so-widget-sow-editor so-widget-sow-editor-base\"\n\t\t\t\n\t\t><h3 class=\"widget-title\"><span class=\"widget-title__inline\">Maratoni stardinumbrite v\u00e4ljastus<\/span><\/h3>\n<div class=\"siteorigin-widget-tinymce textwidget\">\n\t<p style=\"text-align: center;\"><strong>NUMBRITE V\u00c4LJASTUS <\/strong><a href=\"https:\/\/maps.app.goo.gl\/7rx1zmaifj6GNJrp8\" target=\"_blank\" rel=\"noopener\">https:\/\/g.page\/vmkontor <\/a> <strong>toimub V\u00f5handu Maratoni kontoris, aadressil P\u00f5llu 4, V\u00f5ru <\/strong><\/p>\n<p style=\"text-align: center;\"><iframe src=\"https:\/\/www.google.com\/maps\/embed?pb=!1m18!1m12!1m3!1d7300.227776928771!2d26.998722930141675!3d57.84032773284192!2m3!1f0!2f0!3f0!3m2!1i1024!2i768!4f13.1!3m3!1m2!1s0x46eafbf488cce87b%3A0x3784ecd1ed1152d4!2sV%C3%B5handu%20Maraton%20kontor!5e1!3m2!1set!2see!4v1773605802377!5m2!1set!2see\" width=\"600\" height=\"450\" style=\"border:0;\" allowfullscreen=\"\" loading=\"lazy\" referrerpolicy=\"no-referrer-when-downgrade\"><\/iframe><\/p>\n<\/div>\n<\/div><\/div><\/div><\/div><div id=\"pg-6587-1\"  class=\"panel-grid panel-no-style\" ><div id=\"pgc-6587-1-0\"  class=\"panel-grid-cell\" ><div id=\"panel-6587-1-0-0\" class=\"so-panel widget widget_pw_person_profile widget-person-profile panel-first-child\" data-index=\"1\" >\n\t<div class=\"card  person-profile  h-card\">\n\t\t\t\t\t\t\t\t\t\t<div class=\"person-profile__carousel  js-person-profile-initialize-carousel\" data-slick='{\"adaptiveHeight\":true,\"fade\":true,\"prevArrow\":\"<button type=\\\"button\\\" class=\\\"slick-prev  slick-arrow\\\"><span class=\\\"screen-reader-text\\\">Previous<\\\/span><i class=\\\"fa fa-long-arrow-down\\\" aria-hidden=\\\"true\\\"><\\\/i><\\\/button>\",\"nextArrow\":\"<button type=\\\"button\\\" class=\\\"slick-next  slick-arrow\\\"><span class=\\\"screen-reader-text\\\">Next<\\\/span><i class=\\\"fa fa-long-arrow-up\\\" aria-hidden=\\\"true\\\"><\\\/i><\\\/button>\"}'>\n\t\t\t\t\t\t\t\t\t<div class=\"person-profile__carousel-item\">\n\t\t\t\t\t\t\t\t\t\t\t\t\t<img decoding=\"async\" class=\"person-profile__image  wp-post-image  u-photo\" src=\"https:\/\/www.vohandumaraton.ee\/wp-content\/uploads\/2021\/11\/kontakt800x300_03.jpg\" alt=\"Picture of V\u00f5handu maraton\">\n\t\t\t\t\t\t\t\t\t\t\t<\/div>\n\t\t\t\t\t\t\t\t\t<div class=\"person-profile__carousel-item\">\n\t\t\t\t\t\t\t\t\t\t\t\t\t<img decoding=\"async\" class=\"person-profile__image  wp-post-image  u-photo\" src=\"https:\/\/www.vohandumaraton.ee\/wp-content\/uploads\/2021\/11\/kontakt800x300_02.jpg\" alt=\"Picture of V\u00f5handu maraton\">\n\t\t\t\t\t\t\t\t\t\t\t<\/div>\n\t\t\t\t\t\t\t\t\t<div class=\"person-profile__carousel-item\">\n\t\t\t\t\t\t\t\t\t\t\t\t\t<img decoding=\"async\" class=\"person-profile__image  wp-post-image  u-photo\" src=\"https:\/\/www.vohandumaraton.ee\/wp-content\/uploads\/2021\/11\/kontakt800x300_01.jpg\" alt=\"Picture of V\u00f5handu maraton\">\n\t\t\t\t\t\t\t\t\t\t\t<\/div>\n\t\t\t\t\t\t\t<\/div>\n\t\t\t\t<div class=\"card-block  person-profile__container\">\n\t\t\t<div class=\"person-profile__content\">\n\t\t\t\t<h4 class=\"card-title  person-profile__name  p-name\">V\u00f5handu maraton<\/h4>\n\t\t\t\t\t\t\t\t\t<span class=\"person-profile__label  p-label\">EST, ENG, RUS<\/span>\n\t\t\t\t\t\t\t\t<p class=\"card-text  person-profile__description\">Suurep\u00e4rane v\u00f5imalus aerutamiselamuse hankimiseks Eestis. <br>Distants on ca 100 kilomeetrit, ekstreemseid ja huvitavaid momente pakkuval j\u00f5el. kontrollaeg 24h<br><br>\n<b><span class=\"icon-container\"><span class=\"fa  fa-envelope\" style=\"color:#2e3b4e;\"><\/span><\/span>\u00a0 \u00a0vohandumaraton@gmail.com<br> \n<b><span class=\"icon-container\"><span class=\"fa  fa-envelope\" style=\"color:#2e3b4e;\"><\/span><\/span>\u00a0 \u00a0info@vohandumaraton.ee<br> \n<span class=\"icon-container\"><span class=\"fa  fa-phone\" style=\"color:#2e3b4e;\"><\/span><\/span> \u00a0\u00a0+372 52 10 800<br>\n<span class=\"icon-container\"><span class=\"fa  fa-phone\" style=\"color:#2e3b4e;\"><\/span><\/span> \u00a0\u00a0+372 52 13 130<br>\n<span class=\"icon-container\"><span class=\"fa  fa-map-marker\" style=\"color:#2e3b4e;\"><\/span><\/span>\u00a0 \u00a0 65606 V\u00f5ru, P\u00f5llu 4, Estonia<\/b><br>\n<b><span class=\"icon-container\"><span class=\"fa  fa fa-home\" style=\"color:#2e3b4e;\"><\/span><\/span> <a href=\"http:\/\/www.vohandumaraton.ee\" target=\"_blank\" rel=\"noopener\"> \n www.vohandumaraton.ee<\/a><\/b><br><br>\n\n<b>Start<\/b> - V\u00f5ru<br>\n Google maps: <a href=\"https:\/\/g.page\/vmstart?share\" target=\"_blank\" rel=\"noopener\">https:\/\/g.page\/vmstart <\/a><br>\n<b>Fini\u0161 <\/b> - V\u00f5\u00f5psu<br>Google maps: <a href=\"https:\/\/g.page\/vmfinish?share\" target=\"_blank\" rel=\"noopener\">https:\/\/g.page\/vmfinish<\/a><br>\n<b>Kontor <\/b> - V\u00f5rus<br>Google maps: <a href=\"https:\/\/g.page\/vmkontor?share\" target=\"_blank\" rel=\"noopener\">https:\/\/g.page\/vmkontor<\/a><br><br>\n\n<\/p>\n\t\t\t\t\t\t\t\t<div class=\"person-profile__skills\">\n\t\t\t\t\t\t\t\t\t\t\t<div class=\"person-profile__skill\">\n\t\t\t\t\t\t\tit&#039;s extreme\t\t\t\t\t\t\t\t\t\t\t\t\t\t\t<span class=\"person-profile__skill-rating\">\n\t\t\t\t\t\t\t\t\t\t\t\t\t\t\t\t\t\t\t\t\t\t\t\t\t\t\t\t\t\t<i class=\"fa fa-star\" aria-hidden=\"true\"><\/i>\n\t\t\t\t\t\t\t\t\t\t\t\t\t\t\t\t\t\t\t\t\t\t\t\t\t\t\t\t\t\t\t\t\t\t\t\t\t\t\t\t<i class=\"fa fa-star\" aria-hidden=\"true\"><\/i>\n\t\t\t\t\t\t\t\t\t\t\t\t\t\t\t\t\t\t\t\t\t\t\t\t\t\t\t\t\t\t\t\t\t\t\t\t\t\t\t\t<i class=\"fa fa-star\" aria-hidden=\"true\"><\/i>\n\t\t\t\t\t\t\t\t\t\t\t\t\t\t\t\t\t\t\t\t\t\t\t\t\t\t\t\t\t\t\t\t\t\t\t\t\t\t\t\t<i class=\"fa fa-star\" aria-hidden=\"true\"><\/i>\n\t\t\t\t\t\t\t\t\t\t\t\t\t\t\t\t\t\t\t\t\t\t\t\t\t\t\t\t\t\t\t\t\t\t\t\t\t\t\t\t<i class=\"fa fa-star\" aria-hidden=\"true\"><\/i>\n\t\t\t\t\t\t\t\t\t\t\t\t\t\t\t\t\t\t\t\t\t\t\t\t\t\t\t<\/span>\n\t\t\t\t\t\t\t\t\t\t\t\t\t<\/div>\n\t\t\t\t\t\t\t\t\t<\/div>\n\t\t\t\t\t\t\t\t\t\t\t<\/div>\n\t\t\t\t\t\t\t<div class=\"person-profile__social-icons\">\n\t\t\t\t\tSocial:\t\t\t\t\t\t\t\t\t\t\t<a class=\"person-profile__social-icon\" href=\"https:\/\/www.instagram.com\/vohandumaraton\/\" target=\"_blank\"><i class=\"fa  fa-instagram\"><\/i><\/a>\n\t\t\t\t\t\t\t\t\t\t\t<a class=\"person-profile__social-icon\" href=\"https:\/\/www.facebook.com\/VohanduMaraton\/\" target=\"_blank\"><i class=\"fa  fa-facebook\"><\/i><\/a>\n\t\t\t\t\t\t\t\t\t\t\t<a class=\"person-profile__social-icon\" href=\"https:\/\/www.youtube.com\/user\/VohanduMaraton\" target=\"_blank\"><i class=\"fa  fa-youtube\"><\/i><\/a>\n\t\t\t\t\t\t\t\t\t<\/div>\n\t\t\t\t\t<\/div>\n\t<\/div>\n\n<\/div><div id=\"panel-6587-1-0-1\" class=\"so-panel widget widget_pw_facebook panel-last-child\" data-index=\"2\" >\n\t<div class=\"iframe-like-box\">\n\t\t<iframe src=\"\/\/www.facebook.com\/plugins\/likebox.php?href=https%3A%2F%2Fwww.facebook.com%2FVohanduMaraton%2F&amp;width=500&amp;height=630&amp;hide_cover=0&amp;show_facepile=1&amp;show_posts=1&amp;small_header=0\" frameborder=\"0\"><\/iframe>\n\t<\/div>\n\n\t<style type=\"text\/css\">\n\t\t.iframe-like-box > iframe { min-height: 630px; width: 500px; }\n\t<\/style>\n\n<\/div><\/div><div id=\"pgc-6587-1-1\"  class=\"panel-grid-cell\" ><div id=\"panel-6587-1-1-0\" class=\"so-panel widget widget_sow-editor panel-first-child\" data-index=\"3\" ><div\n\t\t\t\n\t\t\tclass=\"so-widget-sow-editor so-widget-sow-editor-base\"\n\t\t\t\n\t\t>\n<div class=\"siteorigin-widget-tinymce textwidget\">\n\t<p><iframe loading=\"lazy\" src=\"https:\/\/snazzymaps.com\/embed\/21624\" width=\"100%\" height=\"500px\" style=\"border:none;\"><\/iframe><\/p>\n<\/div>\n<\/div><\/div><div id=\"panel-6587-1-1-1\" class=\"so-panel widget widget_pw_person_profile widget-person-profile panel-last-child\" data-index=\"4\" >\n\t<div class=\"card  person-profile  h-card\">\n\t\t\t\t\t\t\t\t\t\t<div class=\"person-profile__carousel  js-person-profile-initialize-carousel\" data-slick='{\"adaptiveHeight\":true,\"fade\":true,\"prevArrow\":\"<button type=\\\"button\\\" class=\\\"slick-prev  slick-arrow\\\"><span class=\\\"screen-reader-text\\\">Previous<\\\/span><i class=\\\"fa fa-long-arrow-down\\\" aria-hidden=\\\"true\\\"><\\\/i><\\\/button>\",\"nextArrow\":\"<button type=\\\"button\\\" class=\\\"slick-next  slick-arrow\\\"><span class=\\\"screen-reader-text\\\">Next<\\\/span><i class=\\\"fa fa-long-arrow-up\\\" aria-hidden=\\\"true\\\"><\\\/i><\\\/button>\"}'>\n\t\t\t\t\t\t\t\t\t<div class=\"person-profile__carousel-item\">\n\t\t\t\t\t\t\t\t\t\t\t\t\t<img decoding=\"async\" class=\"person-profile__image  wp-post-image  u-photo\" src=\"https:\/\/www.vohandumaraton.ee\/wp-content\/uploads\/2021\/11\/kontakt800x300_07.jpg\" alt=\"Picture of Hillar Irves\">\n\t\t\t\t\t\t\t\t\t\t\t<\/div>\n\t\t\t\t\t\t\t\t\t<div class=\"person-profile__carousel-item\">\n\t\t\t\t\t\t\t\t\t\t\t\t\t<img decoding=\"async\" class=\"person-profile__image  wp-post-image  u-photo\" src=\"https:\/\/www.vohandumaraton.ee\/wp-content\/uploads\/2021\/11\/kontakt800x300_06.jpg\" alt=\"Picture of Hillar Irves\">\n\t\t\t\t\t\t\t\t\t\t\t<\/div>\n\t\t\t\t\t\t\t\t\t<div class=\"person-profile__carousel-item\">\n\t\t\t\t\t\t\t\t\t\t\t\t\t<img decoding=\"async\" class=\"person-profile__image  wp-post-image  u-photo\" src=\"https:\/\/www.vohandumaraton.ee\/wp-content\/uploads\/2021\/11\/kontakt800x300_05.jpg\" alt=\"Picture of Hillar Irves\">\n\t\t\t\t\t\t\t\t\t\t\t<\/div>\n\t\t\t\t\t\t\t\t\t<div class=\"person-profile__carousel-item\">\n\t\t\t\t\t\t\t\t\t\t\t\t\t<img decoding=\"async\" class=\"person-profile__image  wp-post-image  u-photo\" src=\"https:\/\/www.vohandumaraton.ee\/wp-content\/uploads\/2021\/11\/kontakt800x300_04.jpg\" alt=\"Picture of Hillar Irves\">\n\t\t\t\t\t\t\t\t\t\t\t<\/div>\n\t\t\t\t\t\t\t<\/div>\n\t\t\t\t<div class=\"card-block  person-profile__container\">\n\t\t\t<div class=\"person-profile__content\">\n\t\t\t\t<h4 class=\"card-title  person-profile__name  p-name\">Hillar Irves<\/h4>\n\t\t\t\t\t\t\t\t\t<span class=\"person-profile__label  p-label\">EST, RUS<\/span>\n\t\t\t\t\t\t\t\t<p class=\"card-text  person-profile__description\">V\u00f5handu maratoni idee autor ja peakorraldaja. <BR>\nMinu soov on n\u00e4ha v\u00f5itu osalejate silmis, r\u00f5\u00f5mu kui nad j\u00f5uavad fini\u0161isse. Kuulda kui \u00fctlevad \"<b>Ma suutsin rohkem kui arvata oskasin<\/b>\" <br><br>\n\n<b><span class=\"icon-container\"><span class=\"fa  fa-envelope\" style=\"color:#2e3b4e;\"><\/span><\/span>\u00a0 \u00a0hillar.irves@gmail.com<br>\n<span class=\"icon-container\"><span class=\"fa  fa-phone\" style=\"color:#2e3b4e;\"><\/span><\/span> \u00a0\u00a0+372 52 13 130<br>\n<span class=\"icon-container\"><span class=\"fa  fa-map-marker\" style=\"color:#2e3b4e;\"><\/span><\/span>\u00a0 \u00a0 V\u00f5ru<\/b><br><br>\n\nOman korraliku k\u00e4restiku- ja slaalomaerutamise kogemust ning olen osalenud mitmetel pikkadel maratonidel mitmel pool maailmas.  Yukon River Quest 715 km ja <a href=\"https:\/\/www.yukon1000.org\/\" target=\"_blank\" rel=\"noopener\"><b>Yukon 1000<\/b> (1600km) <\/a> pikkusel aerutamismaratonil Kanadas ja Alaskal . Tallinnast - Helsingisse sai ka \u00fcle lahe s\u00fcstaga s\u00f5idetud. M\u00f5ned \u00fcle 150 km pikad sutsakad veel L\u00e4tis ja Leedus. V\u00f5imalusel s\u00f5idan V\u00f5handu enne maratoni l\u00e4bi, reeglina kulub selleks ca 11 - 12h<br>\n\n\n<\/p>\n\t\t\t\t\t\t\t\t<div class=\"person-profile__skills\">\n\t\t\t\t\t\t\t\t\t\t\t<div class=\"person-profile__skill\">\n\t\t\t\t\t\t\tfriendly\t\t\t\t\t\t\t\t\t\t\t\t\t\t\t<span class=\"person-profile__skill-rating\">\n\t\t\t\t\t\t\t\t\t\t\t\t\t\t\t\t\t\t\t\t\t\t\t\t\t\t\t\t\t\t<i class=\"fa fa-star\" aria-hidden=\"true\"><\/i>\n\t\t\t\t\t\t\t\t\t\t\t\t\t\t\t\t\t\t\t\t\t\t\t\t\t\t\t\t\t\t\t\t\t\t\t\t\t\t\t\t<i class=\"fa fa-star\" aria-hidden=\"true\"><\/i>\n\t\t\t\t\t\t\t\t\t\t\t\t\t\t\t\t\t\t\t\t\t\t\t\t\t\t\t\t\t\t\t\t\t\t\t\t\t\t\t\t<i class=\"fa fa-star\" aria-hidden=\"true\"><\/i>\n\t\t\t\t\t\t\t\t\t\t\t\t\t\t\t\t\t\t\t\t\t\t\t\t\t\t\t\t\t\t\t\t\t\t\t\t\t\t\t\t<i class=\"fa fa-star\" aria-hidden=\"true\"><\/i>\n\t\t\t\t\t\t\t\t\t\t\t\t\t\t\t\t\t\t\t\t\t\t\t\t\t\t\t\t\t\t\t\t\t\t\t\t\t\t\t\t<i class=\"fa fa-star\" aria-hidden=\"true\"><\/i>\n\t\t\t\t\t\t\t\t\t\t\t\t\t\t\t\t\t\t\t\t\t\t\t\t\t\t\t<\/span>\n\t\t\t\t\t\t\t\t\t\t\t\t\t<\/div>\n\t\t\t\t\t\t\t\t\t<\/div>\n\t\t\t\t\t\t\t\t\t\t\t<\/div>\n\t\t\t\t\t\t\t<div class=\"person-profile__social-icons\">\n\t\t\t\t\tSocial:\t\t\t\t\t\t\t\t\t\t\t<a class=\"person-profile__social-icon\" href=\"https:\/\/www.facebook.com\/hillar.irves\" target=\"_blank\"><i class=\"fa  fa-facebook\"><\/i><\/a>\n\t\t\t\t\t\t\t\t\t<\/div>\n\t\t\t\t\t<\/div>\n\t<\/div>\n\n<\/div><\/div><\/div><\/div>","protected":false},"excerpt":{"rendered":"<p>NUMBRITE V\u00c4LJASTUS https:\/\/g.page\/vmkontor toimub V\u00f5handu Maratoni kontoris, aadressil P\u00f5llu 4, V\u00f5ru<\/p>\n","protected":false},"author":1,"featured_media":0,"parent":0,"menu_order":0,"comment_status":"closed","ping_status":"closed","template":"","meta":{"_acf_changed":false,"ngg_post_thumbnail":0,"footnotes":""},"class_list":["post-6587","page","type-page","status-publish","clearfix","article"],"acf":[],"yoast_head":"<!-- This site is optimized with the Yoast SEO plugin v27.3 - https:\/\/yoast.com\/product\/yoast-seo-wordpress\/ -->\n<title>CONTACT - V&otilde;handu Maraton<\/title>\n<meta name=\"robots\" content=\"index, follow, max-snippet:-1, max-image-preview:large, max-video-preview:-1\" \/>\n<link rel=\"canonical\" href=\"https:\/\/www.vohandumaraton.ee\/en\/contact\/\" \/>\n<meta property=\"og:locale\" content=\"en_US\" \/>\n<meta property=\"og:type\" content=\"article\" \/>\n<meta property=\"og:title\" content=\"CONTACT - V&otilde;handu Maraton\" \/>\n<meta property=\"og:description\" content=\"NUMBRITE V\u00c4LJASTUS https:\/\/g.page\/vmkontor toimub V\u00f5handu Maratoni kontoris, aadressil P\u00f5llu 4, V\u00f5ru\" \/>\n<meta property=\"og:url\" content=\"https:\/\/www.vohandumaraton.ee\/en\/contact\/\" \/>\n<meta property=\"og:site_name\" content=\"V&otilde;handu Maraton\" \/>\n<meta property=\"article:publisher\" content=\"https:\/\/www.facebook.com\/VohanduMaraton\/\" \/>\n<meta property=\"article:modified_time\" content=\"2026-01-27T10:18:14+00:00\" \/>\n<meta name=\"twitter:card\" content=\"summary_large_image\" \/>\n<meta name=\"twitter:label1\" content=\"Est. reading time\" \/>\n\t<meta name=\"twitter:data1\" content=\"3 minutes\" \/>\n<script type=\"application\/ld+json\" class=\"yoast-schema-graph\">{\"@context\":\"https:\\\/\\\/schema.org\",\"@graph\":[{\"@type\":\"WebPage\",\"@id\":\"https:\\\/\\\/www.vohandumaraton.ee\\\/en\\\/contact\\\/\",\"url\":\"https:\\\/\\\/www.vohandumaraton.ee\\\/en\\\/contact\\\/\",\"name\":\"CONTACT - V&otilde;handu Maraton\",\"isPartOf\":{\"@id\":\"https:\\\/\\\/www.vohandumaraton.ee\\\/en\\\/#website\"},\"datePublished\":\"2016-10-07T11:01:13+00:00\",\"dateModified\":\"2026-01-27T10:18:14+00:00\",\"breadcrumb\":{\"@id\":\"https:\\\/\\\/www.vohandumaraton.ee\\\/en\\\/contact\\\/#breadcrumb\"},\"inLanguage\":\"en-us\",\"potentialAction\":[{\"@type\":\"ReadAction\",\"target\":[\"https:\\\/\\\/www.vohandumaraton.ee\\\/en\\\/contact\\\/\"]}]},{\"@type\":\"BreadcrumbList\",\"@id\":\"https:\\\/\\\/www.vohandumaraton.ee\\\/en\\\/contact\\\/#breadcrumb\",\"itemListElement\":[{\"@type\":\"ListItem\",\"position\":1,\"name\":\"Home\",\"item\":\"https:\\\/\\\/www.vohandumaraton.ee\\\/en\\\/home-2\\\/\"},{\"@type\":\"ListItem\",\"position\":2,\"name\":\"CONTACT\"}]},{\"@type\":\"WebSite\",\"@id\":\"https:\\\/\\\/www.vohandumaraton.ee\\\/en\\\/#website\",\"url\":\"https:\\\/\\\/www.vohandumaraton.ee\\\/en\\\/\",\"name\":\"V&otilde;handu Maraton\",\"description\":\"V&otilde;handu Maraton World&rsquo;s biggest canoeing marathon\",\"publisher\":{\"@id\":\"https:\\\/\\\/www.vohandumaraton.ee\\\/en\\\/#organization\"},\"potentialAction\":[{\"@type\":\"SearchAction\",\"target\":{\"@type\":\"EntryPoint\",\"urlTemplate\":\"https:\\\/\\\/www.vohandumaraton.ee\\\/en\\\/?s={search_term_string}\"},\"query-input\":{\"@type\":\"PropertyValueSpecification\",\"valueRequired\":true,\"valueName\":\"search_term_string\"}}],\"inLanguage\":\"en-us\"},{\"@type\":\"Organization\",\"@id\":\"https:\\\/\\\/www.vohandumaraton.ee\\\/en\\\/#organization\",\"name\":\"V\u00f5handu Maraton\",\"url\":\"https:\\\/\\\/www.vohandumaraton.ee\\\/en\\\/\",\"logo\":{\"@type\":\"ImageObject\",\"inLanguage\":\"en-us\",\"@id\":\"https:\\\/\\\/www.vohandumaraton.ee\\\/en\\\/#\\\/schema\\\/logo\\\/image\\\/\",\"url\":\"https:\\\/\\\/www.vohandumaraton.ee\\\/wp-content\\\/uploads\\\/2016\\\/10\\\/cropped-vm_logo_002-1.png\",\"contentUrl\":\"https:\\\/\\\/www.vohandumaraton.ee\\\/wp-content\\\/uploads\\\/2016\\\/10\\\/cropped-vm_logo_002-1.png\",\"width\":512,\"height\":512,\"caption\":\"V\u00f5handu Maraton\"},\"image\":{\"@id\":\"https:\\\/\\\/www.vohandumaraton.ee\\\/en\\\/#\\\/schema\\\/logo\\\/image\\\/\"},\"sameAs\":[\"https:\\\/\\\/www.facebook.com\\\/VohanduMaraton\\\/\",\"https:\\\/\\\/www.youtube.com\\\/user\\\/VohanduMaraton\"]}]}<\/script>\n<!-- \/ Yoast SEO plugin. -->","yoast_head_json":{"title":"CONTACT - V&otilde;handu Maraton","robots":{"index":"index","follow":"follow","max-snippet":"max-snippet:-1","max-image-preview":"max-image-preview:large","max-video-preview":"max-video-preview:-1"},"canonical":"https:\/\/www.vohandumaraton.ee\/en\/contact\/","og_locale":"en_US","og_type":"article","og_title":"CONTACT - V&otilde;handu Maraton","og_description":"NUMBRITE V\u00c4LJASTUS https:\/\/g.page\/vmkontor toimub V\u00f5handu Maratoni kontoris, aadressil P\u00f5llu 4, V\u00f5ru","og_url":"https:\/\/www.vohandumaraton.ee\/en\/contact\/","og_site_name":"V&otilde;handu Maraton","article_publisher":"https:\/\/www.facebook.com\/VohanduMaraton\/","article_modified_time":"2026-01-27T10:18:14+00:00","twitter_card":"summary_large_image","twitter_misc":{"Est. reading time":"3 minutes"},"schema":{"@context":"https:\/\/schema.org","@graph":[{"@type":"WebPage","@id":"https:\/\/www.vohandumaraton.ee\/en\/contact\/","url":"https:\/\/www.vohandumaraton.ee\/en\/contact\/","name":"CONTACT - V&otilde;handu Maraton","isPartOf":{"@id":"https:\/\/www.vohandumaraton.ee\/en\/#website"},"datePublished":"2016-10-07T11:01:13+00:00","dateModified":"2026-01-27T10:18:14+00:00","breadcrumb":{"@id":"https:\/\/www.vohandumaraton.ee\/en\/contact\/#breadcrumb"},"inLanguage":"en-us","potentialAction":[{"@type":"ReadAction","target":["https:\/\/www.vohandumaraton.ee\/en\/contact\/"]}]},{"@type":"BreadcrumbList","@id":"https:\/\/www.vohandumaraton.ee\/en\/contact\/#breadcrumb","itemListElement":[{"@type":"ListItem","position":1,"name":"Home","item":"https:\/\/www.vohandumaraton.ee\/en\/home-2\/"},{"@type":"ListItem","position":2,"name":"CONTACT"}]},{"@type":"WebSite","@id":"https:\/\/www.vohandumaraton.ee\/en\/#website","url":"https:\/\/www.vohandumaraton.ee\/en\/","name":"V&otilde;handu Maraton","description":"V&otilde;handu Maraton World&rsquo;s biggest canoeing marathon","publisher":{"@id":"https:\/\/www.vohandumaraton.ee\/en\/#organization"},"potentialAction":[{"@type":"SearchAction","target":{"@type":"EntryPoint","urlTemplate":"https:\/\/www.vohandumaraton.ee\/en\/?s={search_term_string}"},"query-input":{"@type":"PropertyValueSpecification","valueRequired":true,"valueName":"search_term_string"}}],"inLanguage":"en-us"},{"@type":"Organization","@id":"https:\/\/www.vohandumaraton.ee\/en\/#organization","name":"V\u00f5handu Maraton","url":"https:\/\/www.vohandumaraton.ee\/en\/","logo":{"@type":"ImageObject","inLanguage":"en-us","@id":"https:\/\/www.vohandumaraton.ee\/en\/#\/schema\/logo\/image\/","url":"https:\/\/www.vohandumaraton.ee\/wp-content\/uploads\/2016\/10\/cropped-vm_logo_002-1.png","contentUrl":"https:\/\/www.vohandumaraton.ee\/wp-content\/uploads\/2016\/10\/cropped-vm_logo_002-1.png","width":512,"height":512,"caption":"V\u00f5handu Maraton"},"image":{"@id":"https:\/\/www.vohandumaraton.ee\/en\/#\/schema\/logo\/image\/"},"sameAs":["https:\/\/www.facebook.com\/VohanduMaraton\/","https:\/\/www.youtube.com\/user\/VohanduMaraton"]}]}},"jetpack_sharing_enabled":true,"_links":{"self":[{"href":"https:\/\/www.vohandumaraton.ee\/en\/wp-json\/wp\/v2\/pages\/6587","targetHints":{"allow":["GET"]}}],"collection":[{"href":"https:\/\/www.vohandumaraton.ee\/en\/wp-json\/wp\/v2\/pages"}],"about":[{"href":"https:\/\/www.vohandumaraton.ee\/en\/wp-json\/wp\/v2\/types\/page"}],"author":[{"embeddable":true,"href":"https:\/\/www.vohandumaraton.ee\/en\/wp-json\/wp\/v2\/users\/1"}],"replies":[{"embeddable":true,"href":"https:\/\/www.vohandumaraton.ee\/en\/wp-json\/wp\/v2\/comments?post=6587"}],"version-history":[{"count":237,"href":"https:\/\/www.vohandumaraton.ee\/en\/wp-json\/wp\/v2\/pages\/6587\/revisions"}],"predecessor-version":[{"id":35845,"href":"https:\/\/www.vohandumaraton.ee\/en\/wp-json\/wp\/v2\/pages\/6587\/revisions\/35845"}],"wp:attachment":[{"href":"https:\/\/www.vohandumaraton.ee\/en\/wp-json\/wp\/v2\/media?parent=6587"}],"curies":[{"name":"wp","href":"https:\/\/api.w.org\/{rel}","templated":true}]}}