{"id":24274,"date":"2021-12-12T20:29:59","date_gmt":"2021-12-12T18:29:59","guid":{"rendered":"https:\/\/www.vohandumaraton.ee\/?page_id=24274"},"modified":"2026-03-20T22:35:06","modified_gmt":"2026-03-20T20:35:06","slug":"accommodation","status":"publish","type":"page","link":"https:\/\/www.vohandumaraton.ee\/en\/accommodation\/","title":{"rendered":"ACCOMMODATION"},"content":{"rendered":"<div id=\"pl-24274\"  class=\"panel-layout\" ><div id=\"pg-24274-0\"  class=\"panel-grid panel-no-style\" ><div id=\"pgc-24274-0-0\"  class=\"panel-grid-cell\" ><div id=\"panel-24274-0-0-0\" class=\"so-panel widget widget_sow-editor panel-first-child\" data-index=\"0\" ><div\n\t\t\t\n\t\t\tclass=\"so-widget-sow-editor so-widget-sow-editor-base\"\n\t\t\t\n\t\t>\n<div class=\"siteorigin-widget-tinymce textwidget\">\n\t<h2>Accommodation and camping on the <span style=\"color: #ff6600;\">V\u00f5handu marathon<\/span><\/h2>\n<p>Estonia is small and it\u2019s easy and cheap to get around.<br \/>\nStandards of accommodation vary and so you might prefer places that display Estonian Quality Labels or that have disabled access.<br \/>\nWhatever your taste and budget, Estonia has accommodation to suit you.<br \/>\nYou can contact each place and book direct but you may prefer to use a booking agent.<\/p>\n<\/div>\n<\/div><\/div><div id=\"panel-24274-0-0-1\" class=\"so-panel widget widget_sow-editor\" data-index=\"1\" ><div\n\t\t\t\n\t\t\tclass=\"so-widget-sow-editor so-widget-sow-editor-base\"\n\t\t\t\n\t\t>\n<div class=\"siteorigin-widget-tinymce textwidget\">\n\t<p>A reasonable placement radius is no more than 60 km from V\u00f5ru. (The estimated journey time of 60 km is 1 hour, so you must start at 5:00 to arrive at 6:00 to V\u00f5ru.) To provided that you have the starting material in your hand, what you were given a day or two earlier and your kayak or a canoe is in the starting area.<\/p>\n<\/div>\n<\/div><\/div><div id=\"panel-24274-0-0-2\" class=\"so-panel widget widget_pw_accordion widget-accordion panel-last-child\" data-index=\"2\" >\t<div class=\"accordion\" id=\"accordion-widget-0-0-2\" role=\"tablist\" aria-multiselectable=\"true\">\n\t\t\t<div class=\"accordion__panel  panel card\">\n\t\t\t<div class=\"accordion__heading  panel-heading\" role=\"tab\" id=\"heading-widget-0-0-2-4\">\n\t\t\t\t<div class=\"panel-title\">\n\t\t\t\t\t<a class=\"collapsed\" role=\"button\" data-toggle=\"collapse\" data-parent=\"#accordion-widget-0-0-2\" href=\"#collapse-widget-0-0-2-4\" aria-expanded=\"false\" aria-controls=\"collapse-widget-0-0-2-4\">\n\t\t\t\t\t\tTransport back to the starting point\t\t\t\t\t<\/a>\n\t\t\t\t<\/div>\n\t\t\t<\/div>\n\t\t\t<div id=\"collapse-widget-0-0-2-4\" class=\"accordion__content  panel-collapse  collapse\" role=\"tabpanel\" aria-labelledby=\"heading-widget-0-0-2-4\">\n\t\t\t\t<div class=\"panel-body\">\n\t\t\t\t\tFor those having no support teams, we offer transport back to the starting point.\n<H4>We do not recommend it.<\/h4>\n\n<li>Please use an accompanying vehicle so that you have people helping you on the course and necessary equipment at KPs and bridges (food, drink, dry clothes, head torches, medicines etc.)\n<li>NB! After having spent at least 10 hours on the course, we advise you not to drive the car yourself. Use another driver or stay the night at V\u00f5\u00f5psu or R\u00e4pina before you start the journey home.<\/li>\n\t\t\t\t<\/div>\n\t\t\t<\/div>\n\t\t<\/div>\n\t\t\t<\/div>\n\n<\/div><\/div><\/div><div id=\"pg-24274-1\"  class=\"panel-grid panel-no-style\" ><div id=\"pgc-24274-1-0\"  class=\"panel-grid-cell\" ><div id=\"panel-24274-1-0-0\" class=\"so-panel widget widget_sow-editor panel-first-child panel-last-child\" data-index=\"3\" ><div\n\t\t\t\n\t\t\tclass=\"so-widget-sow-editor so-widget-sow-editor-base\"\n\t\t\t\n\t\t>\n<div class=\"siteorigin-widget-tinymce textwidget\">\n\t<h2>Search Accommodation Southern Estonia<\/h2>\n<\/div>\n<\/div><\/div><\/div><\/div><div id=\"pg-24274-2\"  class=\"panel-grid panel-no-style\" ><div id=\"pgc-24274-2-0\"  class=\"panel-grid-cell\" ><div id=\"panel-24274-2-0-0\" class=\"so-panel widget widget_pw_person_profile widget-person-profile panel-first-child panel-last-child\" data-index=\"4\" ><div class=\"featured-widget panel-widget-style panel-widget-style-for-24274-2-0-0\" >\n\t<div class=\"card  person-profile  h-card\">\n\t\t\t\t\t\t\t\t\t\t<div class=\"person-profile__carousel\" >\n\t\t\t\t\t\t\t\t\t<div class=\"person-profile__carousel-item\">\n\t\t\t\t\t\t\t\t\t\t\t\t\t<img decoding=\"async\" class=\"person-profile__image  wp-post-image  u-photo\" src=\"https:\/\/www.vohandumaraton.ee\/wp-content\/uploads\/2026\/03\/rapinahotell_600x300px.png\" alt=\"Picture of ACCOMMODATION 6 KM FROM FINISH\">\n\t\t\t\t\t\t\t\t\t\t\t<\/div>\n\t\t\t\t\t\t\t<\/div>\n\t\t\t\t<div class=\"card-block  person-profile__container\">\n\t\t\t<div class=\"person-profile__content\">\n\t\t\t\t<h4 class=\"card-title  person-profile__name  p-name\">ACCOMMODATION 6 KM FROM FINISH<\/h4>\n\t\t\t\t\t\t\t\t<p class=\"card-text  person-profile__description\"><span class=\"icon-container\"><span class=\"fa  fa-envelope\" style=\"color:#2e3b4e;\"><\/span><\/span> kajunen@gmail.com<br>\n<span class=\"icon-container\"><span class=\"fa  fa-phone\" style=\"color:#2e3b4e;\"><\/span><\/span> <b>+372 5513708 <\/b>- Andres<br>\n<span class=\"icon-container\"><span class=\"fa  fa-map-marker\" style=\"color:#2e3b4e;\"><\/span><\/span> Comfortable hotel in R\u00e4pina<br>\n*Breakfast included<br>\n*Pre-race briefing<br>\n*FREE transport to the start. Return to the hotel in the evening<br>\n*Technical support during the marathon<br>\n*Sauna available until morning<br><br>\n\n<span class=\"icon-container\"><span class=\"fa  fa-car\" style=\"color:#2e3b4e;\"><\/span><\/span> <b>S<\/b> - V\u00f5ru - 65 km<br>\n<span class=\"icon-container\"><span class=\"fa  fa-car\" style=\"color:#2e3b4e;\"><\/span><\/span> <b>F<\/b> - V\u00f5\u00f5psu - 6 km<br>\n\n\n<\/p>\n\t\t\t\t\t\t\t\t\t\t\t<\/div>\n\t\t\t\t\t<\/div>\n\t<\/div>\n\n<\/div><\/div><\/div><div id=\"pgc-24274-2-1\"  class=\"panel-grid-cell panel-grid-cell-empty\" ><\/div><div id=\"pgc-24274-2-2\"  class=\"panel-grid-cell\" ><div id=\"panel-24274-2-2-0\" class=\"so-panel widget widget_sow-editor panel-first-child\" data-index=\"5\" ><div class=\"featured-widget panel-widget-style panel-widget-style-for-24274-2-2-0\" ><div\n\t\t\t\n\t\t\tclass=\"so-widget-sow-editor so-widget-sow-editor-base\"\n\t\t\t\n\t\t>\n<div class=\"siteorigin-widget-tinymce textwidget\">\n\t<p><span class=\"icon-container\"><span class=\"fa  fa-map-marker\" style=\"color:#2e3b4e;\"><\/span><\/span>&nbsp; &nbsp;V\u00f5ru County<br \/>\n<span class=\"icon-container\"><span class=\"fa  fas fa-home\" style=\"color:#2e3b4e;\"><\/span><\/span>&nbsp; &nbsp; <a href=\"https:\/\/www.visitvoru.ee\/accommodation\" target=\"_blank\" rel=\"noopener\">https:\/\/www.visitvoru.ee\/accommodation<\/a><br \/>\n<span class=\"icon-container\"><span class=\"fa  fa-envelope\" style=\"color:#2e3b4e;\"><\/span><\/span>&nbsp; &nbsp;voru@visitestonia.com<\/p>\n<\/div>\n<\/div><\/div><\/div><div id=\"panel-24274-2-2-1\" class=\"so-panel widget widget_sow-editor\" data-index=\"6\" ><div class=\"featured-widget panel-widget-style panel-widget-style-for-24274-2-2-1\" ><div\n\t\t\t\n\t\t\tclass=\"so-widget-sow-editor so-widget-sow-editor-base\"\n\t\t\t\n\t\t>\n<div class=\"siteorigin-widget-tinymce textwidget\">\n\t<p><span class=\"icon-container\"><span class=\"fa  fa-map-marker\" style=\"color:#2e3b4e;\"><\/span><\/span>&nbsp; &nbsp;P\u00f5lva County<br \/>\n<span class=\"icon-container\"><span class=\"fa  fas fa-home\" style=\"color:#2e3b4e;\"><\/span><\/span>&nbsp; &nbsp; <a href=\"https:\/\/www.visitpolva.ee\/index.php?id=search&types[]=407&types[]=408&types[]=410&types[]=411&types[]=412#list\" target=\"_blank\" rel=\"noopener\">https:\/\/www.visitpolva.ee\/accommodation<\/a><br \/>\n<span class=\"icon-container\"><span class=\"fa  fa-envelope\" style=\"color:#2e3b4e;\"><\/span><\/span>&nbsp; &nbsp;polvamaa@visitestonia.com<\/p>\n<\/div>\n<\/div><\/div><\/div><div id=\"panel-24274-2-2-2\" class=\"so-panel widget widget_sow-editor\" data-index=\"7\" ><div class=\"featured-widget panel-widget-style panel-widget-style-for-24274-2-2-2\" ><div\n\t\t\t\n\t\t\tclass=\"so-widget-sow-editor so-widget-sow-editor-base\"\n\t\t\t\n\t\t>\n<div class=\"siteorigin-widget-tinymce textwidget\">\n\t<p><span class=\"icon-container\"><span class=\"fa  fa-map-marker\" style=\"color:#2e3b4e;\"><\/span><\/span>&nbsp; &nbsp;Accommodation in Valga County<br \/>\n<span class=\"icon-container\"><span class=\"fa  fas fa-home\" style=\"color:#2e3b4e;\"><\/span><\/span>&nbsp; &nbsp; <a href=\"https:\/\/eng.valgamaa.ee\/accommoadations\/\" target=\"_blank\" rel=\"noopener\">https:\/\/eng.valgamaa.ee\/accommoadations\/<\/a><br \/>\n<span class=\"icon-container\"><span class=\"fa  fa-envelope\" style=\"color:#2e3b4e;\"><\/span><\/span>    valga@visitestonia.com<\/p>\n<\/div>\n<\/div><\/div><\/div><div id=\"panel-24274-2-2-3\" class=\"so-panel widget widget_sow-editor panel-last-child\" data-index=\"8\" ><div class=\"featured-widget panel-widget-style panel-widget-style-for-24274-2-2-3\" ><div\n\t\t\t\n\t\t\tclass=\"so-widget-sow-editor so-widget-sow-editor-base\"\n\t\t\t\n\t\t>\n<div class=\"siteorigin-widget-tinymce textwidget\">\n\t<p><span class=\"icon-container\"><span class=\"fa  fa-map-marker\" style=\"color:#2e3b4e;\"><\/span><\/span>   Tartu County<br \/>\n<span class=\"icon-container\"><span class=\"fa  fas fa-home\" style=\"color:#2e3b4e;\"><\/span><\/span>&nbsp; &nbsp; <a href=\"https:\/\/visittartu.com\/stay\" target=\"_blank\" rel=\"noopener\">https:\/\/visittartu.com\/stay<\/a><br \/>\n<span class=\"icon-container\"><span class=\"fa  fa-envelope\" style=\"color:#2e3b4e;\"><\/span><\/span>&nbsp; &nbsp;info@visittartu.com<\/p>\n<\/div>\n<\/div><\/div><\/div><\/div><\/div><div id=\"pg-24274-3\"  class=\"panel-grid panel-no-style\" ><div id=\"pgc-24274-3-0\"  class=\"panel-grid-cell panel-grid-cell-empty panel-grid-cell-mobile-last\" ><\/div><div id=\"pgc-24274-3-1\"  class=\"panel-grid-cell panel-grid-cell-empty\" ><\/div><\/div><\/div>","protected":false},"excerpt":{"rendered":"<p>Soovitame 50 km raadiusest stradist v\u00f5i finishist leida endale sobiv majutus. J\u00e4\u00e4 kohe mitmeks \u00f6\u00f6ks, V\u00f5rumaa on v\u00e4\u00e4rt avastamiskoht nii enne kui p\u00e4rast V\u00f5handu maratoni.<\/p>\n","protected":false},"author":1,"featured_media":0,"parent":0,"menu_order":0,"comment_status":"closed","ping_status":"closed","template":"","meta":{"_acf_changed":false,"ngg_post_thumbnail":0,"footnotes":""},"class_list":["post-24274","page","type-page","status-publish","clearfix","article"],"acf":[],"yoast_head":"<!-- This site is optimized with the Yoast SEO plugin v27.3 - https:\/\/yoast.com\/product\/yoast-seo-wordpress\/ -->\n<title>ACCOMMODATION - V&otilde;handu Maraton<\/title>\n<meta name=\"robots\" content=\"index, follow, max-snippet:-1, max-image-preview:large, max-video-preview:-1\" \/>\n<link rel=\"canonical\" href=\"https:\/\/www.vohandumaraton.ee\/en\/accommodation\/\" \/>\n<meta property=\"og:locale\" content=\"en_US\" \/>\n<meta property=\"og:type\" content=\"article\" \/>\n<meta property=\"og:title\" content=\"ACCOMMODATION - V&otilde;handu Maraton\" \/>\n<meta property=\"og:description\" content=\"Soovitame 50 km raadiusest stradist v\u00f5i finishist leida endale sobiv majutus. J\u00e4\u00e4 kohe mitmeks \u00f6\u00f6ks, V\u00f5rumaa on v\u00e4\u00e4rt avastamiskoht nii enne kui p\u00e4rast V\u00f5handu maratoni.\" \/>\n<meta property=\"og:url\" content=\"https:\/\/www.vohandumaraton.ee\/en\/accommodation\/\" \/>\n<meta property=\"og:site_name\" content=\"V&otilde;handu Maraton\" \/>\n<meta property=\"article:publisher\" content=\"https:\/\/www.facebook.com\/VohanduMaraton\/\" \/>\n<meta property=\"article:modified_time\" content=\"2026-03-20T20:35:06+00:00\" \/>\n<meta name=\"twitter:card\" content=\"summary_large_image\" \/>\n<meta name=\"twitter:label1\" content=\"Est. reading time\" \/>\n\t<meta name=\"twitter:data1\" content=\"2 minutes\" \/>\n<script type=\"application\/ld+json\" class=\"yoast-schema-graph\">{\"@context\":\"https:\\\/\\\/schema.org\",\"@graph\":[{\"@type\":\"WebPage\",\"@id\":\"https:\\\/\\\/www.vohandumaraton.ee\\\/en\\\/accommodation\\\/\",\"url\":\"https:\\\/\\\/www.vohandumaraton.ee\\\/en\\\/accommodation\\\/\",\"name\":\"ACCOMMODATION - V&otilde;handu Maraton\",\"isPartOf\":{\"@id\":\"https:\\\/\\\/www.vohandumaraton.ee\\\/en\\\/#website\"},\"datePublished\":\"2021-12-12T18:29:59+00:00\",\"dateModified\":\"2026-03-20T20:35:06+00:00\",\"breadcrumb\":{\"@id\":\"https:\\\/\\\/www.vohandumaraton.ee\\\/en\\\/accommodation\\\/#breadcrumb\"},\"inLanguage\":\"en-us\",\"potentialAction\":[{\"@type\":\"ReadAction\",\"target\":[\"https:\\\/\\\/www.vohandumaraton.ee\\\/en\\\/accommodation\\\/\"]}]},{\"@type\":\"BreadcrumbList\",\"@id\":\"https:\\\/\\\/www.vohandumaraton.ee\\\/en\\\/accommodation\\\/#breadcrumb\",\"itemListElement\":[{\"@type\":\"ListItem\",\"position\":1,\"name\":\"Home\",\"item\":\"https:\\\/\\\/www.vohandumaraton.ee\\\/en\\\/home-2\\\/\"},{\"@type\":\"ListItem\",\"position\":2,\"name\":\"ACCOMMODATION\"}]},{\"@type\":\"WebSite\",\"@id\":\"https:\\\/\\\/www.vohandumaraton.ee\\\/en\\\/#website\",\"url\":\"https:\\\/\\\/www.vohandumaraton.ee\\\/en\\\/\",\"name\":\"V&otilde;handu Maraton\",\"description\":\"V&otilde;handu Maraton World&rsquo;s biggest canoeing marathon\",\"publisher\":{\"@id\":\"https:\\\/\\\/www.vohandumaraton.ee\\\/en\\\/#organization\"},\"potentialAction\":[{\"@type\":\"SearchAction\",\"target\":{\"@type\":\"EntryPoint\",\"urlTemplate\":\"https:\\\/\\\/www.vohandumaraton.ee\\\/en\\\/?s={search_term_string}\"},\"query-input\":{\"@type\":\"PropertyValueSpecification\",\"valueRequired\":true,\"valueName\":\"search_term_string\"}}],\"inLanguage\":\"en-us\"},{\"@type\":\"Organization\",\"@id\":\"https:\\\/\\\/www.vohandumaraton.ee\\\/en\\\/#organization\",\"name\":\"V\u00f5handu Maraton\",\"url\":\"https:\\\/\\\/www.vohandumaraton.ee\\\/en\\\/\",\"logo\":{\"@type\":\"ImageObject\",\"inLanguage\":\"en-us\",\"@id\":\"https:\\\/\\\/www.vohandumaraton.ee\\\/en\\\/#\\\/schema\\\/logo\\\/image\\\/\",\"url\":\"https:\\\/\\\/www.vohandumaraton.ee\\\/wp-content\\\/uploads\\\/2016\\\/10\\\/cropped-vm_logo_002-1.png\",\"contentUrl\":\"https:\\\/\\\/www.vohandumaraton.ee\\\/wp-content\\\/uploads\\\/2016\\\/10\\\/cropped-vm_logo_002-1.png\",\"width\":512,\"height\":512,\"caption\":\"V\u00f5handu Maraton\"},\"image\":{\"@id\":\"https:\\\/\\\/www.vohandumaraton.ee\\\/en\\\/#\\\/schema\\\/logo\\\/image\\\/\"},\"sameAs\":[\"https:\\\/\\\/www.facebook.com\\\/VohanduMaraton\\\/\",\"https:\\\/\\\/www.youtube.com\\\/user\\\/VohanduMaraton\"]}]}<\/script>\n<!-- \/ Yoast SEO plugin. -->","yoast_head_json":{"title":"ACCOMMODATION - V&otilde;handu Maraton","robots":{"index":"index","follow":"follow","max-snippet":"max-snippet:-1","max-image-preview":"max-image-preview:large","max-video-preview":"max-video-preview:-1"},"canonical":"https:\/\/www.vohandumaraton.ee\/en\/accommodation\/","og_locale":"en_US","og_type":"article","og_title":"ACCOMMODATION - V&otilde;handu Maraton","og_description":"Soovitame 50 km raadiusest stradist v\u00f5i finishist leida endale sobiv majutus. J\u00e4\u00e4 kohe mitmeks \u00f6\u00f6ks, V\u00f5rumaa on v\u00e4\u00e4rt avastamiskoht nii enne kui p\u00e4rast V\u00f5handu maratoni.","og_url":"https:\/\/www.vohandumaraton.ee\/en\/accommodation\/","og_site_name":"V&otilde;handu Maraton","article_publisher":"https:\/\/www.facebook.com\/VohanduMaraton\/","article_modified_time":"2026-03-20T20:35:06+00:00","twitter_card":"summary_large_image","twitter_misc":{"Est. reading time":"2 minutes"},"schema":{"@context":"https:\/\/schema.org","@graph":[{"@type":"WebPage","@id":"https:\/\/www.vohandumaraton.ee\/en\/accommodation\/","url":"https:\/\/www.vohandumaraton.ee\/en\/accommodation\/","name":"ACCOMMODATION - V&otilde;handu Maraton","isPartOf":{"@id":"https:\/\/www.vohandumaraton.ee\/en\/#website"},"datePublished":"2021-12-12T18:29:59+00:00","dateModified":"2026-03-20T20:35:06+00:00","breadcrumb":{"@id":"https:\/\/www.vohandumaraton.ee\/en\/accommodation\/#breadcrumb"},"inLanguage":"en-us","potentialAction":[{"@type":"ReadAction","target":["https:\/\/www.vohandumaraton.ee\/en\/accommodation\/"]}]},{"@type":"BreadcrumbList","@id":"https:\/\/www.vohandumaraton.ee\/en\/accommodation\/#breadcrumb","itemListElement":[{"@type":"ListItem","position":1,"name":"Home","item":"https:\/\/www.vohandumaraton.ee\/en\/home-2\/"},{"@type":"ListItem","position":2,"name":"ACCOMMODATION"}]},{"@type":"WebSite","@id":"https:\/\/www.vohandumaraton.ee\/en\/#website","url":"https:\/\/www.vohandumaraton.ee\/en\/","name":"V&otilde;handu Maraton","description":"V&otilde;handu Maraton World&rsquo;s biggest canoeing marathon","publisher":{"@id":"https:\/\/www.vohandumaraton.ee\/en\/#organization"},"potentialAction":[{"@type":"SearchAction","target":{"@type":"EntryPoint","urlTemplate":"https:\/\/www.vohandumaraton.ee\/en\/?s={search_term_string}"},"query-input":{"@type":"PropertyValueSpecification","valueRequired":true,"valueName":"search_term_string"}}],"inLanguage":"en-us"},{"@type":"Organization","@id":"https:\/\/www.vohandumaraton.ee\/en\/#organization","name":"V\u00f5handu Maraton","url":"https:\/\/www.vohandumaraton.ee\/en\/","logo":{"@type":"ImageObject","inLanguage":"en-us","@id":"https:\/\/www.vohandumaraton.ee\/en\/#\/schema\/logo\/image\/","url":"https:\/\/www.vohandumaraton.ee\/wp-content\/uploads\/2016\/10\/cropped-vm_logo_002-1.png","contentUrl":"https:\/\/www.vohandumaraton.ee\/wp-content\/uploads\/2016\/10\/cropped-vm_logo_002-1.png","width":512,"height":512,"caption":"V\u00f5handu Maraton"},"image":{"@id":"https:\/\/www.vohandumaraton.ee\/en\/#\/schema\/logo\/image\/"},"sameAs":["https:\/\/www.facebook.com\/VohanduMaraton\/","https:\/\/www.youtube.com\/user\/VohanduMaraton"]}]}},"jetpack_sharing_enabled":true,"_links":{"self":[{"href":"https:\/\/www.vohandumaraton.ee\/en\/wp-json\/wp\/v2\/pages\/24274","targetHints":{"allow":["GET"]}}],"collection":[{"href":"https:\/\/www.vohandumaraton.ee\/en\/wp-json\/wp\/v2\/pages"}],"about":[{"href":"https:\/\/www.vohandumaraton.ee\/en\/wp-json\/wp\/v2\/types\/page"}],"author":[{"embeddable":true,"href":"https:\/\/www.vohandumaraton.ee\/en\/wp-json\/wp\/v2\/users\/1"}],"replies":[{"embeddable":true,"href":"https:\/\/www.vohandumaraton.ee\/en\/wp-json\/wp\/v2\/comments?post=24274"}],"version-history":[{"count":52,"href":"https:\/\/www.vohandumaraton.ee\/en\/wp-json\/wp\/v2\/pages\/24274\/revisions"}],"predecessor-version":[{"id":36074,"href":"https:\/\/www.vohandumaraton.ee\/en\/wp-json\/wp\/v2\/pages\/24274\/revisions\/36074"}],"wp:attachment":[{"href":"https:\/\/www.vohandumaraton.ee\/en\/wp-json\/wp\/v2\/media?parent=24274"}],"curies":[{"name":"wp","href":"https:\/\/api.w.org\/{rel}","templated":true}]}}